{"id":489,"date":"2024-10-05T10:12:58","date_gmt":"2024-10-05T10:12:58","guid":{"rendered":"https:\/\/wp.rrdevs.net\/artima\/?page_id=489"},"modified":"2025-11-24T17:24:25","modified_gmt":"2025-11-24T14:24:25","slug":"hakkimizda","status":"publish","type":"page","link":"https:\/\/hsmo.com.tr\/index.php\/hakkimizda\/","title":{"rendered":"Hakk\u0131m\u0131zda"},"content":{"rendered":"\t\t<div data-elementor-type=\"wp-page\" data-elementor-id=\"489\" class=\"elementor elementor-489\">\n\t\t\t\t<div class=\"elementor-element elementor-element-4cd0cc0 e-con-full e-flex e-con e-parent\" data-id=\"4cd0cc0\" data-element_type=\"container\">\n\t\t\t\t<div class=\"elementor-element elementor-element-d06210d elementor-widget elementor-widget-about\" data-id=\"d06210d\" data-element_type=\"widget\" data-widget_type=\"about.default\">\n\t\t\t\t<div class=\"elementor-widget-container\">\n\t\t\t\t\t\r\n<!-- \"about-company area start -->\r\n<section class=\"about-company section-space rr-el-section\">\r\n    <div class=\"container\">\r\n        <div class=\"row\">\r\n                        <div class=\"col-lg-6\">\r\n                <div class=\"about-company__media\">\r\n                                                            <div class=\"about-company__thumb-1 wow clip-a-z\">\r\n                        <img decoding=\"async\" src=\"https:\/\/hsmo.com.tr\/wp-content\/uploads\/2024\/09\/about-company-1.png\" alt=\"\">\r\n                    <\/div>\r\n                                                            <div class=\"about-company__thumb-2 wow clip-a-z\">\r\n                        <img decoding=\"async\" src=\"https:\/\/hsmo.com.tr\/wp-content\/uploads\/2024\/09\/about-compan2.png\" alt=\"\">\r\n                    <\/div>\r\n                    \r\n                    <div class=\"about-company__customer rr-el-experience-box\">\r\n                        <h2><span class=\"odometer rr-el-experience-text\"\r\n                                data-count=\"70%\">0<\/span>%\r\n                        <\/h2>\r\n                                                <h6 class=\"rr-rp-experience rr-el-experience-text\">\r\n                            Happy<br> Customer                        <\/h6>\r\n                                            <\/div>\r\n                <\/div>\r\n            <\/div>\r\n                        <div class=\"col-lg-6\">\r\n                <div class=\"about-company__content\">\r\n\r\n                                        <div class=\"section__title-wrapper mb-50 mb-xs-35\">\r\n                                                <span\r\n                            class=\"section__subtitle rr-el-sub-title\">Hakk\u0131m\u0131zda<\/span>\r\n                                                <h2 class=\"section__title mb-25 rr-el-title\">Biz Kimiz?<\/h2>                                                <p class=\"mb-0 rr-el-desc\">2016 y\u0131l\u0131ndan bu yana sekt\u00f6rde faaliyet g\u00f6steren HSMO, 3D g\u00f6rselle\u015ftirme ve animasyon alan\u0131nda uzmanla\u015fm\u0131\u015f bir tasar\u0131m ve mimarl\u0131k ofisidir. Yarat\u0131c\u0131 vizyonu, teknik bilgisi ve detay odakl\u0131 yakla\u015f\u0131m\u0131yla HSMO, projelerini yaln\u0131zca estetik a\u00e7\u0131dan de\u011fil, ayn\u0131 zamanda i\u015flevsel ve kullan\u0131c\u0131 odakl\u0131 bi\u00e7imde hayata ge\u00e7irmektedir.\n<br><br>\n\nBug\u00fcne kadar Konya\u2019da 50\u2019ye yak\u0131n, T\u00fcrkiye genelinde ise 150\u2019nin \u00fczerinde projede aktif rol alarak, sekt\u00f6rde g\u00fc\u00e7l\u00fc bir referans a\u011f\u0131 olu\u015fturmu\u015ftur.\n<br><br>\n\n<strong>Uzmanl\u0131k Alanlar\u0131m\u0131z<\/strong>\n<br><br>\n\n<strong>3D G\u00f6rselle\u015ftirme &amp; Animasyon:<\/strong>\nProjelerin konsept a\u015famas\u0131ndan uygulama s\u00fcrecine kadar, y\u00fcksek kalitede 3D modelleme, render ve animasyon hizmetleri sunuyoruz. Ger\u00e7ek\u00e7i g\u00f6rsellerle mimari fikirlerin en etkili \u015fekilde aktar\u0131lmas\u0131n\u0131 sa\u011fl\u0131yoruz.\n<br><br>\n\n<strong>\u0130\u00e7 Mimari Projeler:<\/strong>\nKafe, idari bina, i\u015fletme, konut, ofis ve otel gibi farkl\u0131 \u00f6l\u00e7ek ve i\u015flevlerdeki i\u00e7 mek\u00e2n projelerinde estetik ile konforu bulu\u015fturan tasar\u0131mlar \u00fcretiyoruz.\n<br><br>\n\n<strong>Mimari Projeler:<\/strong>\nKonut, kamu yap\u0131lar\u0131 ve ticari yap\u0131lar gibi bir\u00e7ok farkl\u0131 tipolojide mimari projelerde yer alarak; kullan\u0131c\u0131 ihtiya\u00e7lar\u0131na, \u00e7evresel fakt\u00f6rlere ve mek\u00e2nsal deneyime \u00f6nem veren \u00e7\u00f6z\u00fcmler geli\u015ftiriyoruz.\n<br><br>\n\n<strong>Neden HSMO?<\/strong>\n<br><br>\n\n<strong>Deneyim:<\/strong> 9 y\u0131l\u0131 a\u015fk\u0131n sekt\u00f6r tecr\u00fcbesi\n<br><br>\n\n<strong>Uzman Kadro:<\/strong> 3D g\u00f6rselle\u015ftirme ve i\u00e7 mimari alanda profesyonel ekip\n<br><br>\n\n<strong>Geni\u015f Portf\u00f6y:<\/strong> T\u00fcrkiye genelinde 150\u2019den fazla tamamlanm\u0131\u015f proje\n<br><br>\n\n<strong>Yarat\u0131c\u0131 Yakla\u015f\u0131m:<\/strong> Her projede \u00f6zg\u00fcn, yenilik\u00e7i ve estetik \u00e7\u00f6z\u00fcmler\n<\/p>\r\n                                            <\/div>\r\n                                        <div class=\"about-company__wrapper\">\r\n                                                <div class=\"about-company__box\">\r\n                            <div class=\"circle\">\r\n                                                                <div class=\"logo\">\r\n                                    <img decoding=\"async\" src=\"https:\/\/hsmo.com.tr\/wp-content\/uploads\/2024\/09\/logo.png\"\r\n                                        alt=\"\">\r\n                                <\/div>\r\n                                                                <div class=\"circle-text rr-el-circle\">\r\n                                                                        <p>\r\n                                        Best SWorking Since 2024 Best SWorking                                     <\/p>\r\n                                                                    <\/div>\r\n                            <\/div>\r\n                        <\/div>\r\n                                                <ul>\r\n                                                                                    <li class=\"rr-el-list\">\r\n                                <span>\r\n                                    <svg width=\"14\" height=\"10\" viewBox=\"0 0 14 10\" fill=\"none\"\r\n                                        xmlns=\"http:\/\/www.w3.org\/2000\/svg\">\r\n                                        <path d=\"M13 1L4.75 9L1 5.36364\" stroke=\"#906E50\" stroke-width=\"1.5\"\r\n                                            stroke-linecap=\"round\" stroke-linejoin=\"round\" \/>\r\n                                    <\/svg>\r\n                                <\/span>\r\n                                Profesyonel Hizmet                            <\/li>\r\n                                                                                                                <li class=\"rr-el-list\">\r\n                                <span>\r\n                                    <svg width=\"14\" height=\"10\" viewBox=\"0 0 14 10\" fill=\"none\"\r\n                                        xmlns=\"http:\/\/www.w3.org\/2000\/svg\">\r\n                                        <path d=\"M13 1L4.75 9L1 5.36364\" stroke=\"#906E50\" stroke-width=\"1.5\"\r\n                                            stroke-linecap=\"round\" stroke-linejoin=\"round\" \/>\r\n                                    <\/svg>\r\n                                <\/span>\r\n                                Kaliteli Hizmet                            <\/li>\r\n                                                                                                                <li class=\"rr-el-list\">\r\n                                <span>\r\n                                    <svg width=\"14\" height=\"10\" viewBox=\"0 0 14 10\" fill=\"none\"\r\n                                        xmlns=\"http:\/\/www.w3.org\/2000\/svg\">\r\n                                        <path d=\"M13 1L4.75 9L1 5.36364\" stroke=\"#906E50\" stroke-width=\"1.5\"\r\n                                            stroke-linecap=\"round\" stroke-linejoin=\"round\" \/>\r\n                                    <\/svg>\r\n                                <\/span>\r\n                                %100 M\u00fc\u015fteri Memnuniyeti                            <\/li>\r\n                                                                                <\/ul>\r\n                    <\/div>\r\n                                        <a href=\"https:\/\/hsmo.com.tr\/index.php\/iletisim\/\" class=\"rr-btn rr-el-btn\">\r\n                        <span class=\"btn-wrap\">\r\n                            <span class=\"text-one\">\u0130leti\u015fime Ge\u00e7                                <svg width=\"12\" height=\"13\" viewBox=\"0 0 12 13\" fill=\"none\"\r\n                                    xmlns=\"http:\/\/www.w3.org\/2000\/svg\">\r\n                                    <path d=\"M1 6.5H11\" stroke=\"white\" stroke-width=\"1.5\" stroke-linecap=\"round\"\r\n                                        stroke-linejoin=\"round\" \/>\r\n                                    <path d=\"M6 1.5L11 6.5L6 11.5\" stroke=\"white\" stroke-width=\"1.5\"\r\n                                        stroke-linecap=\"round\" stroke-linejoin=\"round\" \/>\r\n                                <\/svg>\r\n                            <\/span>\r\n                            <span class=\"text-two\">\u0130leti\u015fime Ge\u00e7                                <svg width=\"12\" height=\"13\" viewBox=\"0 0 12 13\" fill=\"none\"\r\n                                    xmlns=\"http:\/\/www.w3.org\/2000\/svg\">\r\n                                    <path d=\"M1 6.5H11\" stroke=\"white\" stroke-width=\"1.5\" stroke-linecap=\"round\"\r\n                                        stroke-linejoin=\"round\" \/>\r\n                                    <path d=\"M6 1.5L11 6.5L6 11.5\" stroke=\"white\" stroke-width=\"1.5\"\r\n                                        stroke-linecap=\"round\" stroke-linejoin=\"round\" \/>\r\n                                <\/svg>\r\n                            <\/span>\r\n                        <\/span>\r\n                    <\/a>\r\n                                    <\/div>\r\n            <\/div>\r\n        <\/div>\r\n    <\/div>\r\n<\/section>\r\n<!-- \"about-company area end -->\r\n\t\t\t\t<\/div>\n\t\t\t\t<\/div>\n\t\t\t\t<\/div>\n\t\t<div class=\"elementor-element elementor-element-a839b8a e-flex e-con-boxed e-con e-parent\" data-id=\"a839b8a\" data-element_type=\"container\">\n\t\t\t\t\t<div class=\"e-con-inner\">\n\t\t\t\t<div class=\"elementor-element elementor-element-bc234f0 elementor-widget elementor-widget-spacer\" data-id=\"bc234f0\" data-element_type=\"widget\" data-widget_type=\"spacer.default\">\n\t\t\t\t\t\t\t<div class=\"elementor-spacer\">\n\t\t\t<div class=\"elementor-spacer-inner\"><\/div>\n\t\t<\/div>\n\t\t\t\t\t\t<\/div>\n\t\t\t\t\t<\/div>\n\t\t\t\t<\/div>\n\t\t\t\t<\/div>\n\t\t","protected":false},"excerpt":{"rendered":"<p>0% Happy Customer Hakk\u0131m\u0131zda Biz Kimiz? 2016 y\u0131l\u0131ndan bu yana sekt\u00f6rde faaliyet g\u00f6steren HSMO, 3D g\u00f6rselle\u015ftirme ve animasyon alan\u0131nda uzmanla\u015fm\u0131\u015f bir tasar\u0131m ve mimarl\u0131k ofisidir. Yarat\u0131c\u0131 vizyonu, teknik bilgisi ve detay odakl\u0131 yakla\u015f\u0131m\u0131yla HSMO, projelerini yaln\u0131zca estetik a\u00e7\u0131dan de\u011fil, ayn\u0131 zamanda i\u015flevsel ve kullan\u0131c\u0131 odakl\u0131 bi\u00e7imde hayata ge\u00e7irmektedir. Bug\u00fcne kadar Konya\u2019da 50\u2019ye yak\u0131n, T\u00fcrkiye genelinde [&hellip;]<\/p>\n","protected":false},"author":1,"featured_media":0,"parent":0,"menu_order":0,"comment_status":"closed","ping_status":"closed","template":"elementor_header_footer","meta":{"footnotes":""},"class_list":["post-489","page","type-page","status-publish","hentry"],"_links":{"self":[{"href":"https:\/\/hsmo.com.tr\/index.php\/wp-json\/wp\/v2\/pages\/489","targetHints":{"allow":["GET"]}}],"collection":[{"href":"https:\/\/hsmo.com.tr\/index.php\/wp-json\/wp\/v2\/pages"}],"about":[{"href":"https:\/\/hsmo.com.tr\/index.php\/wp-json\/wp\/v2\/types\/page"}],"author":[{"embeddable":true,"href":"https:\/\/hsmo.com.tr\/index.php\/wp-json\/wp\/v2\/users\/1"}],"replies":[{"embeddable":true,"href":"https:\/\/hsmo.com.tr\/index.php\/wp-json\/wp\/v2\/comments?post=489"}],"version-history":[{"count":5,"href":"https:\/\/hsmo.com.tr\/index.php\/wp-json\/wp\/v2\/pages\/489\/revisions"}],"predecessor-version":[{"id":2616,"href":"https:\/\/hsmo.com.tr\/index.php\/wp-json\/wp\/v2\/pages\/489\/revisions\/2616"}],"wp:attachment":[{"href":"https:\/\/hsmo.com.tr\/index.php\/wp-json\/wp\/v2\/media?parent=489"}],"curies":[{"name":"wp","href":"https:\/\/api.w.org\/{rel}","templated":true}]}}