{"id":2848,"date":"2025-11-24T20:08:36","date_gmt":"2025-11-24T17:08:36","guid":{"rendered":"https:\/\/hsmo.com.tr\/?page_id=2848"},"modified":"2025-11-24T20:13:27","modified_gmt":"2025-11-24T17:13:27","slug":"moonrise-kafe-ic-mimari-proje","status":"publish","type":"page","link":"https:\/\/hsmo.com.tr\/index.php\/moonrise-kafe-ic-mimari-proje\/","title":{"rendered":"MoonRise Kafe | \u0130\u00e7 Mimari Proje"},"content":{"rendered":"\t\t<div data-elementor-type=\"wp-page\" data-elementor-id=\"2848\" class=\"elementor elementor-2848\">\n\t\t\t\t<div class=\"elementor-element elementor-element-827171b e-flex e-con-boxed e-con e-parent\" data-id=\"827171b\" data-element_type=\"container\">\n\t\t\t\t\t<div class=\"e-con-inner\">\n\t\t<div class=\"elementor-element elementor-element-d66c64f e-con-full e-flex e-con e-child\" data-id=\"d66c64f\" data-element_type=\"container\" data-settings=\"{&quot;background_background&quot;:&quot;classic&quot;}\">\n\t\t<div class=\"elementor-element elementor-element-0ed8b20 e-con-full e-flex e-con e-child\" data-id=\"0ed8b20\" data-element_type=\"container\">\n\t\t<div class=\"elementor-element elementor-element-ad8564c e-con-full e-flex e-con e-child\" data-id=\"ad8564c\" data-element_type=\"container\" data-settings=\"{&quot;background_background&quot;:&quot;classic&quot;}\">\n\t\t<div class=\"elementor-element elementor-element-6768656 e-con-full e-flex e-con e-child\" data-id=\"6768656\" data-element_type=\"container\">\n\t\t\t\t<div class=\"elementor-element elementor-element-be12c21 elementor-icon-list--layout-traditional elementor-list-item-link-full_width elementor-widget elementor-widget-icon-list\" data-id=\"be12c21\" data-element_type=\"widget\" data-widget_type=\"icon-list.default\">\n\t\t\t\t\t\t\t<ul class=\"elementor-icon-list-items\">\n\t\t\t\t\t\t\t<li class=\"elementor-icon-list-item\">\n\t\t\t\t\t\t\t\t\t\t\t<span class=\"elementor-icon-list-icon\">\n\t\t\t\t\t\t\t<svg aria-hidden=\"true\" class=\"e-font-icon-svg e-far-calendar-alt\" viewBox=\"0 0 448 512\" xmlns=\"http:\/\/www.w3.org\/2000\/svg\"><path d=\"M148 288h-40c-6.6 0-12-5.4-12-12v-40c0-6.6 5.4-12 12-12h40c6.6 0 12 5.4 12 12v40c0 6.6-5.4 12-12 12zm108-12v-40c0-6.6-5.4-12-12-12h-40c-6.6 0-12 5.4-12 12v40c0 6.6 5.4 12 12 12h40c6.6 0 12-5.4 12-12zm96 0v-40c0-6.6-5.4-12-12-12h-40c-6.6 0-12 5.4-12 12v40c0 6.6 5.4 12 12 12h40c6.6 0 12-5.4 12-12zm-96 96v-40c0-6.6-5.4-12-12-12h-40c-6.6 0-12 5.4-12 12v40c0 6.6 5.4 12 12 12h40c6.6 0 12-5.4 12-12zm-96 0v-40c0-6.6-5.4-12-12-12h-40c-6.6 0-12 5.4-12 12v40c0 6.6 5.4 12 12 12h40c6.6 0 12-5.4 12-12zm192 0v-40c0-6.6-5.4-12-12-12h-40c-6.6 0-12 5.4-12 12v40c0 6.6 5.4 12 12 12h40c6.6 0 12-5.4 12-12zm96-260v352c0 26.5-21.5 48-48 48H48c-26.5 0-48-21.5-48-48V112c0-26.5 21.5-48 48-48h48V12c0-6.6 5.4-12 12-12h40c6.6 0 12 5.4 12 12v52h128V12c0-6.6 5.4-12 12-12h40c6.6 0 12 5.4 12 12v52h48c26.5 0 48 21.5 48 48zm-48 346V160H48v298c0 3.3 2.7 6 6 6h340c3.3 0 6-2.7 6-6z\"><\/path><\/svg>\t\t\t\t\t\t<\/span>\n\t\t\t\t\t\t\t\t\t\t<span class=\"elementor-icon-list-text\">2.7.2025<\/span>\n\t\t\t\t\t\t\t\t\t<\/li>\n\t\t\t\t\t\t<\/ul>\n\t\t\t\t\t\t<\/div>\n\t\t\t\t<\/div>\n\t\t<div class=\"elementor-element elementor-element-6d897e5 e-con-full e-flex e-con e-child\" data-id=\"6d897e5\" data-element_type=\"container\">\n\t\t\t\t<div class=\"elementor-element elementor-element-161c310 elementor-icon-list--layout-traditional elementor-list-item-link-full_width elementor-widget elementor-widget-icon-list\" data-id=\"161c310\" data-element_type=\"widget\" data-widget_type=\"icon-list.default\">\n\t\t\t\t\t\t\t<ul class=\"elementor-icon-list-items\">\n\t\t\t\t\t\t\t<li class=\"elementor-icon-list-item\">\n\t\t\t\t\t\t\t\t\t\t<span class=\"elementor-icon-list-text\">M\u00fc\u015fteri:<\/span>\n\t\t\t\t\t\t\t\t\t<\/li>\n\t\t\t\t\t\t\t\t<li class=\"elementor-icon-list-item\">\n\t\t\t\t\t\t\t\t\t\t<span class=\"elementor-icon-list-text\">Proje:<\/span>\n\t\t\t\t\t\t\t\t\t<\/li>\n\t\t\t\t\t\t<\/ul>\n\t\t\t\t\t\t<\/div>\n\t\t\t\t<div class=\"elementor-element elementor-element-d347e6f elementor-icon-list--layout-traditional elementor-list-item-link-full_width elementor-widget elementor-widget-icon-list\" data-id=\"d347e6f\" data-element_type=\"widget\" data-widget_type=\"icon-list.default\">\n\t\t\t\t\t\t\t<ul class=\"elementor-icon-list-items\">\n\t\t\t\t\t\t\t<li class=\"elementor-icon-list-item\">\n\t\t\t\t\t\t\t\t\t\t<span class=\"elementor-icon-list-text\">MoonRise Kafe <\/span>\n\t\t\t\t\t\t\t\t\t<\/li>\n\t\t\t\t\t\t\t\t<li class=\"elementor-icon-list-item\">\n\t\t\t\t\t\t\t\t\t\t<span class=\"elementor-icon-list-text\">\u0130\u00e7 Mimari Proje<\/span>\n\t\t\t\t\t\t\t\t\t<\/li>\n\t\t\t\t\t\t<\/ul>\n\t\t\t\t\t\t<\/div>\n\t\t\t\t<\/div>\n\t\t\t\t<\/div>\n\t\t\t\t<\/div>\n\t\t\t\t<\/div>\n\t\t\t\t\t<\/div>\n\t\t\t\t<\/div>\n\t\t<div class=\"elementor-element elementor-element-1a71b78 e-flex e-con-boxed e-con e-parent\" data-id=\"1a71b78\" data-element_type=\"container\">\n\t\t\t\t\t<div class=\"e-con-inner\">\n\t\t\t\t<div class=\"elementor-element elementor-element-5d50115 elementor-widget elementor-widget-heading\" data-id=\"5d50115\" data-element_type=\"widget\" data-widget_type=\"heading.default\">\n\t\t\t\t\t<h2 class=\"elementor-heading-title elementor-size-default\">MoonRise Kafe | \u0130\u00e7 Mimari Proje<\/h2>\t\t\t\t<\/div>\n\t\t\t\t\t<\/div>\n\t\t\t\t<\/div>\n\t\t<div class=\"elementor-element elementor-element-8b3352e e-flex e-con-boxed e-con e-parent\" data-id=\"8b3352e\" data-element_type=\"container\">\n\t\t\t\t\t<div class=\"e-con-inner\">\n\t\t\t\t<div class=\"elementor-element elementor-element-8ba7f00 elementor-widget elementor-widget-text-editor\" data-id=\"8ba7f00\" data-element_type=\"widget\" data-widget_type=\"text-editor.default\">\n\t\t\t\t\t\t\t\t\t<p>MoonRise Kafe i\u00e7in haz\u0131rlanan i\u00e7 mimari proje, markan\u0131n s\u0131cak, modern ve davetk\u00e2r bir atmosfer yaratma hedefine uygun olarak detayl\u0131 bir tasar\u0131m s\u00fcreciyle geli\u015ftirilmi\u015ftir. Kafenin hedef kitlesi, kullan\u0131m yo\u011funlu\u011fu ve marka konsepti de\u011ferlendirilerek mek\u00e2n\u0131n hem estetik hem de i\u015flevsel y\u00f6nleri g\u00fc\u00e7lendirilecek bir d\u00fczen olu\u015fturulmu\u015ftur. Oturma alanlar\u0131, servis hatt\u0131, kasa b\u00f6l\u00fcm\u00fc, vitrini ve dekoratif detaylar kullan\u0131c\u0131 deneyimini art\u0131ran bir ak\u0131\u015f plan\u0131yla yerle\u015ftirilmi\u015ftir. Malzeme se\u00e7iminde do\u011fal dokular, s\u0131cak \u0131\u015f\u0131k tonlar\u0131 ve modern mobilya tercih edilerek mek\u00e2n\u0131n marka kimli\u011fi ile uyumlu bir b\u00fct\u00fcnl\u00fck sa\u011flanm\u0131\u015ft\u0131r.<\/p>\t\t\t\t\t\t\t\t<\/div>\n\t\t\t\t<div class=\"elementor-element elementor-element-d61b591 elementor-arrows-position-inside elementor-pagination-position-outside elementor-widget elementor-widget-image-carousel\" data-id=\"d61b591\" data-element_type=\"widget\" data-settings=\"{&quot;navigation&quot;:&quot;both&quot;,&quot;autoplay&quot;:&quot;yes&quot;,&quot;pause_on_hover&quot;:&quot;yes&quot;,&quot;pause_on_interaction&quot;:&quot;yes&quot;,&quot;autoplay_speed&quot;:5000,&quot;infinite&quot;:&quot;yes&quot;,&quot;speed&quot;:500}\" data-widget_type=\"image-carousel.default\">\n\t\t\t\t\t\t\t<div class=\"elementor-image-carousel-wrapper swiper\" role=\"region\" aria-roledescription=\"carousel\" aria-label=\"Resim D\u00f6ng\u00fcs\u00fc\" dir=\"ltr\">\n\t\t\t<div class=\"elementor-image-carousel swiper-wrapper\" aria-live=\"off\">\n\t\t\t\t\t\t\t\t<div class=\"swiper-slide\" role=\"group\" aria-roledescription=\"slide\" aria-label=\"1 \/ 6\"><figure class=\"swiper-slide-inner\"><img decoding=\"async\" class=\"swiper-slide-image\" src=\"https:\/\/hsmo.com.tr\/wp-content\/uploads\/elementor\/thumbs\/11-rf6qv7bmahs4gahgyijfaegdjjan8noonvol37vu5s.png\" alt=\"11\" \/><\/figure><\/div><div class=\"swiper-slide\" role=\"group\" aria-roledescription=\"slide\" aria-label=\"2 \/ 6\"><figure class=\"swiper-slide-inner\"><img decoding=\"async\" class=\"swiper-slide-image\" src=\"https:\/\/hsmo.com.tr\/wp-content\/uploads\/elementor\/thumbs\/10-1-rf6qvo8ppifa99sw7pupja6o8gz937juq7fbq76r1s.png\" alt=\"10\" \/><\/figure><\/div><div class=\"swiper-slide\" role=\"group\" aria-roledescription=\"slide\" aria-label=\"3 \/ 6\"><figure class=\"swiper-slide-inner\"><img decoding=\"async\" class=\"swiper-slide-image\" src=\"https:\/\/hsmo.com.tr\/wp-content\/uploads\/elementor\/thumbs\/8-rf6qw63nbd3qdv2ybfkmcnofisj85gir4ntjugg9rk.png\" alt=\"8\" \/><\/figure><\/div><div class=\"swiper-slide\" role=\"group\" aria-roledescription=\"slide\" aria-label=\"4 \/ 6\"><figure class=\"swiper-slide-inner\"><img decoding=\"async\" class=\"swiper-slide-image\" src=\"https:\/\/hsmo.com.tr\/wp-content\/uploads\/elementor\/thumbs\/6-rf6qwqs3hpw1ha8wyoievigkl9paussuji68ejllyo.png\" alt=\"6\" \/><\/figure><\/div><div class=\"swiper-slide\" role=\"group\" aria-roledescription=\"slide\" aria-label=\"5 \/ 6\"><figure class=\"swiper-slide-inner\"><img decoding=\"async\" class=\"swiper-slide-image\" src=\"https:\/\/hsmo.com.tr\/wp-content\/uploads\/elementor\/thumbs\/5-rf6qx9kvaelrxhhlwwmy9dpsgz4n4qvha37y02tqi8.png\" alt=\"5\" \/><\/figure><\/div><div class=\"swiper-slide\" role=\"group\" aria-roledescription=\"slide\" aria-label=\"6 \/ 6\"><figure class=\"swiper-slide-inner\"><img decoding=\"async\" class=\"swiper-slide-image\" src=\"https:\/\/hsmo.com.tr\/wp-content\/uploads\/elementor\/thumbs\/1-rf6qxrfsw9a822ro0mcv2r7jraom6zudojm64c3980.png\" alt=\"1\" \/><\/figure><\/div>\t\t\t<\/div>\n\t\t\t\t\t\t\t\t\t\t\t\t<div class=\"elementor-swiper-button elementor-swiper-button-prev\" role=\"button\" tabindex=\"0\">\n\t\t\t\t\t\t<svg aria-hidden=\"true\" class=\"e-font-icon-svg e-eicon-chevron-left\" viewBox=\"0 0 1000 1000\" xmlns=\"http:\/\/www.w3.org\/2000\/svg\"><path d=\"M646 125C629 125 613 133 604 142L308 442C296 454 292 471 292 487 292 504 296 521 308 533L604 854C617 867 629 875 646 875 663 875 679 871 692 858 704 846 713 829 713 812 713 796 708 779 692 767L438 487 692 225C700 217 708 204 708 187 708 171 704 154 692 142 675 129 663 125 646 125Z\"><\/path><\/svg>\t\t\t\t\t<\/div>\n\t\t\t\t\t<div class=\"elementor-swiper-button elementor-swiper-button-next\" role=\"button\" tabindex=\"0\">\n\t\t\t\t\t\t<svg aria-hidden=\"true\" class=\"e-font-icon-svg e-eicon-chevron-right\" viewBox=\"0 0 1000 1000\" xmlns=\"http:\/\/www.w3.org\/2000\/svg\"><path d=\"M696 533C708 521 713 504 713 487 713 471 708 454 696 446L400 146C388 133 375 125 354 125 338 125 325 129 313 142 300 154 292 171 292 187 292 204 296 221 308 233L563 492 304 771C292 783 288 800 288 817 288 833 296 850 308 863 321 871 338 875 354 875 371 875 388 867 400 854L696 533Z\"><\/path><\/svg>\t\t\t\t\t<\/div>\n\t\t\t\t\n\t\t\t\t\t\t\t\t\t<div class=\"swiper-pagination\"><\/div>\n\t\t\t\t\t\t\t\t\t<\/div>\n\t\t\t\t\t\t<\/div>\n\t\t\t\t<div class=\"elementor-element elementor-element-97dec46 elementor-widget elementor-widget-text-editor\" data-id=\"97dec46\" data-element_type=\"widget\" data-widget_type=\"text-editor.default\">\n\t\t\t\t\t\t\t\t\t<h4 data-start=\"2300\" data-end=\"2321\"><strong data-start=\"2304\" data-end=\"2321\">Proje Kapsam\u0131<\/strong><\/h4><p>\u00a0<\/p><ul data-start=\"2322\" data-end=\"2545\"><li data-start=\"2322\" data-end=\"2356\"><p data-start=\"2324\" data-end=\"2356\">Kafe i\u00e7 mek\u00e2n konsept tasar\u0131m\u0131<\/p><\/li><li data-start=\"2357\" data-end=\"2404\"><p data-start=\"2359\" data-end=\"2404\">Oturma d\u00fczeni ve mekan ak\u0131\u015f\u0131n\u0131n planlanmas\u0131<\/p><\/li><li data-start=\"2405\" data-end=\"2452\"><p data-start=\"2407\" data-end=\"2452\">Servis ve mutfak ili\u015fkilerinin d\u00fczenlenmesi<\/p><\/li><li data-start=\"2453\" data-end=\"2495\"><p data-start=\"2455\" data-end=\"2495\">Dekoratif ayd\u0131nlatma elemanlar\u0131 se\u00e7imi<\/p><\/li><li data-start=\"2496\" data-end=\"2522\"><p data-start=\"2498\" data-end=\"2522\">3D modelleme ve render<\/p><\/li><li data-start=\"2523\" data-end=\"2545\"><p data-start=\"2525\" data-end=\"2545\">Uygulama \u00e7izimleri<\/p><\/li><\/ul><h4 data-start=\"2547\" data-end=\"2577\"><strong data-start=\"2551\" data-end=\"2577\">Teslim Edilen \u00c7\u0131kt\u0131lar<\/strong><\/h4><p>\u00a0<\/p><ul data-start=\"2578\" data-end=\"2701\"><li data-start=\"2578\" data-end=\"2607\"><p data-start=\"2580\" data-end=\"2607\">Kafe i\u00e7 mek\u00e2n render seti<\/p><\/li><li data-start=\"2608\" data-end=\"2633\"><p data-start=\"2610\" data-end=\"2633\">Konsept sunum dosyas\u0131<\/p><\/li><li data-start=\"2634\" data-end=\"2657\"><p data-start=\"2636\" data-end=\"2657\">Malzeme\u2013renk paleti<\/p><\/li><li data-start=\"2658\" data-end=\"2701\"><p data-start=\"2660\" data-end=\"2701\">Teknik plan, kesit ve g\u00f6r\u00fcn\u00fc\u015f paftalar\u0131<\/p><\/li><\/ul>\t\t\t\t\t\t\t\t<\/div>\n\t\t\t\t\t<\/div>\n\t\t\t\t<\/div>\n\t\t<div class=\"elementor-element elementor-element-af61c7b e-flex e-con-boxed e-con e-parent\" data-id=\"af61c7b\" data-element_type=\"container\">\n\t\t\t\t\t<div class=\"e-con-inner\">\n\t\t\t\t<div class=\"elementor-element elementor-element-cf42f69 elementor-widget elementor-widget-spacer\" data-id=\"cf42f69\" data-element_type=\"widget\" data-widget_type=\"spacer.default\">\n\t\t\t\t\t\t\t<div class=\"elementor-spacer\">\n\t\t\t<div class=\"elementor-spacer-inner\"><\/div>\n\t\t<\/div>\n\t\t\t\t\t\t<\/div>\n\t\t\t\t\t<\/div>\n\t\t\t\t<\/div>\n\t\t\t\t<\/div>\n\t\t","protected":false},"excerpt":{"rendered":"<p>2.7.2025 M\u00fc\u015fteri: Proje: MoonRise Kafe \u0130\u00e7 Mimari Proje MoonRise Kafe | \u0130\u00e7 Mimari Proje MoonRise Kafe i\u00e7in haz\u0131rlanan i\u00e7 mimari proje, markan\u0131n s\u0131cak, modern ve davetk\u00e2r bir atmosfer yaratma hedefine uygun olarak detayl\u0131 bir tasar\u0131m s\u00fcreciyle geli\u015ftirilmi\u015ftir. Kafenin hedef kitlesi, kullan\u0131m yo\u011funlu\u011fu ve marka konsepti de\u011ferlendirilerek mek\u00e2n\u0131n hem estetik hem de i\u015flevsel y\u00f6nleri g\u00fc\u00e7lendirilecek bir [&hellip;]<\/p>\n","protected":false},"author":1,"featured_media":0,"parent":0,"menu_order":0,"comment_status":"closed","ping_status":"closed","template":"elementor_header_footer","meta":{"footnotes":""},"class_list":["post-2848","page","type-page","status-publish","hentry"],"_links":{"self":[{"href":"https:\/\/hsmo.com.tr\/index.php\/wp-json\/wp\/v2\/pages\/2848","targetHints":{"allow":["GET"]}}],"collection":[{"href":"https:\/\/hsmo.com.tr\/index.php\/wp-json\/wp\/v2\/pages"}],"about":[{"href":"https:\/\/hsmo.com.tr\/index.php\/wp-json\/wp\/v2\/types\/page"}],"author":[{"embeddable":true,"href":"https:\/\/hsmo.com.tr\/index.php\/wp-json\/wp\/v2\/users\/1"}],"replies":[{"embeddable":true,"href":"https:\/\/hsmo.com.tr\/index.php\/wp-json\/wp\/v2\/comments?post=2848"}],"version-history":[{"count":7,"href":"https:\/\/hsmo.com.tr\/index.php\/wp-json\/wp\/v2\/pages\/2848\/revisions"}],"predecessor-version":[{"id":2864,"href":"https:\/\/hsmo.com.tr\/index.php\/wp-json\/wp\/v2\/pages\/2848\/revisions\/2864"}],"wp:attachment":[{"href":"https:\/\/hsmo.com.tr\/index.php\/wp-json\/wp\/v2\/media?parent=2848"}],"curies":[{"name":"wp","href":"https:\/\/api.w.org\/{rel}","templated":true}]}}