{"id":2829,"date":"2025-11-24T20:03:17","date_gmt":"2025-11-24T17:03:17","guid":{"rendered":"https:\/\/hsmo.com.tr\/?page_id=2829"},"modified":"2025-11-24T20:06:53","modified_gmt":"2025-11-24T17:06:53","slug":"jibiar-tobacco-idari-bina-ic-mimari-proje","status":"publish","type":"page","link":"https:\/\/hsmo.com.tr\/index.php\/jibiar-tobacco-idari-bina-ic-mimari-proje\/","title":{"rendered":"Jibiar Tobacco \u2013 \u0130dari Bina | \u0130\u00e7 Mimari Proje"},"content":{"rendered":"\t\t<div data-elementor-type=\"wp-page\" data-elementor-id=\"2829\" class=\"elementor elementor-2829\">\n\t\t\t\t<div class=\"elementor-element elementor-element-827171b e-flex e-con-boxed e-con e-parent\" data-id=\"827171b\" data-element_type=\"container\">\n\t\t\t\t\t<div class=\"e-con-inner\">\n\t\t<div class=\"elementor-element elementor-element-d66c64f e-con-full e-flex e-con e-child\" data-id=\"d66c64f\" data-element_type=\"container\" data-settings=\"{&quot;background_background&quot;:&quot;classic&quot;}\">\n\t\t<div class=\"elementor-element elementor-element-0ed8b20 e-con-full e-flex e-con e-child\" data-id=\"0ed8b20\" data-element_type=\"container\">\n\t\t<div class=\"elementor-element elementor-element-ad8564c e-con-full e-flex e-con e-child\" data-id=\"ad8564c\" data-element_type=\"container\" data-settings=\"{&quot;background_background&quot;:&quot;classic&quot;}\">\n\t\t<div class=\"elementor-element elementor-element-6768656 e-con-full e-flex e-con e-child\" data-id=\"6768656\" data-element_type=\"container\">\n\t\t\t\t<div class=\"elementor-element elementor-element-be12c21 elementor-icon-list--layout-traditional elementor-list-item-link-full_width elementor-widget elementor-widget-icon-list\" data-id=\"be12c21\" data-element_type=\"widget\" data-widget_type=\"icon-list.default\">\n\t\t\t\t\t\t\t<ul class=\"elementor-icon-list-items\">\n\t\t\t\t\t\t\t<li class=\"elementor-icon-list-item\">\n\t\t\t\t\t\t\t\t\t\t\t<span class=\"elementor-icon-list-icon\">\n\t\t\t\t\t\t\t<svg aria-hidden=\"true\" class=\"e-font-icon-svg e-far-calendar-alt\" viewBox=\"0 0 448 512\" xmlns=\"http:\/\/www.w3.org\/2000\/svg\"><path d=\"M148 288h-40c-6.6 0-12-5.4-12-12v-40c0-6.6 5.4-12 12-12h40c6.6 0 12 5.4 12 12v40c0 6.6-5.4 12-12 12zm108-12v-40c0-6.6-5.4-12-12-12h-40c-6.6 0-12 5.4-12 12v40c0 6.6 5.4 12 12 12h40c6.6 0 12-5.4 12-12zm96 0v-40c0-6.6-5.4-12-12-12h-40c-6.6 0-12 5.4-12 12v40c0 6.6 5.4 12 12 12h40c6.6 0 12-5.4 12-12zm-96 96v-40c0-6.6-5.4-12-12-12h-40c-6.6 0-12 5.4-12 12v40c0 6.6 5.4 12 12 12h40c6.6 0 12-5.4 12-12zm-96 0v-40c0-6.6-5.4-12-12-12h-40c-6.6 0-12 5.4-12 12v40c0 6.6 5.4 12 12 12h40c6.6 0 12-5.4 12-12zm192 0v-40c0-6.6-5.4-12-12-12h-40c-6.6 0-12 5.4-12 12v40c0 6.6 5.4 12 12 12h40c6.6 0 12-5.4 12-12zm96-260v352c0 26.5-21.5 48-48 48H48c-26.5 0-48-21.5-48-48V112c0-26.5 21.5-48 48-48h48V12c0-6.6 5.4-12 12-12h40c6.6 0 12 5.4 12 12v52h128V12c0-6.6 5.4-12 12-12h40c6.6 0 12 5.4 12 12v52h48c26.5 0 48 21.5 48 48zm-48 346V160H48v298c0 3.3 2.7 6 6 6h340c3.3 0 6-2.7 6-6z\"><\/path><\/svg>\t\t\t\t\t\t<\/span>\n\t\t\t\t\t\t\t\t\t\t<span class=\"elementor-icon-list-text\">2.7.2025<\/span>\n\t\t\t\t\t\t\t\t\t<\/li>\n\t\t\t\t\t\t<\/ul>\n\t\t\t\t\t\t<\/div>\n\t\t\t\t<\/div>\n\t\t<div class=\"elementor-element elementor-element-6d897e5 e-con-full e-flex e-con e-child\" data-id=\"6d897e5\" data-element_type=\"container\">\n\t\t\t\t<div class=\"elementor-element elementor-element-161c310 elementor-icon-list--layout-traditional elementor-list-item-link-full_width elementor-widget elementor-widget-icon-list\" data-id=\"161c310\" data-element_type=\"widget\" data-widget_type=\"icon-list.default\">\n\t\t\t\t\t\t\t<ul class=\"elementor-icon-list-items\">\n\t\t\t\t\t\t\t<li class=\"elementor-icon-list-item\">\n\t\t\t\t\t\t\t\t\t\t<span class=\"elementor-icon-list-text\">M\u00fc\u015fteri:<\/span>\n\t\t\t\t\t\t\t\t\t<\/li>\n\t\t\t\t\t\t\t\t<li class=\"elementor-icon-list-item\">\n\t\t\t\t\t\t\t\t\t\t<span class=\"elementor-icon-list-text\">Proje:<\/span>\n\t\t\t\t\t\t\t\t\t<\/li>\n\t\t\t\t\t\t<\/ul>\n\t\t\t\t\t\t<\/div>\n\t\t\t\t<div class=\"elementor-element elementor-element-d347e6f elementor-icon-list--layout-traditional elementor-list-item-link-full_width elementor-widget elementor-widget-icon-list\" data-id=\"d347e6f\" data-element_type=\"widget\" data-widget_type=\"icon-list.default\">\n\t\t\t\t\t\t\t<ul class=\"elementor-icon-list-items\">\n\t\t\t\t\t\t\t<li class=\"elementor-icon-list-item\">\n\t\t\t\t\t\t\t\t\t\t<span class=\"elementor-icon-list-text\">Jibiar Tobacco \u2013 \u0130dari Bina<\/span>\n\t\t\t\t\t\t\t\t\t<\/li>\n\t\t\t\t\t\t\t\t<li class=\"elementor-icon-list-item\">\n\t\t\t\t\t\t\t\t\t\t<span class=\"elementor-icon-list-text\">\u0130\u00e7 Mimari Proje<\/span>\n\t\t\t\t\t\t\t\t\t<\/li>\n\t\t\t\t\t\t<\/ul>\n\t\t\t\t\t\t<\/div>\n\t\t\t\t<\/div>\n\t\t\t\t<\/div>\n\t\t\t\t<\/div>\n\t\t\t\t<\/div>\n\t\t\t\t\t<\/div>\n\t\t\t\t<\/div>\n\t\t<div class=\"elementor-element elementor-element-1a71b78 e-flex e-con-boxed e-con e-parent\" data-id=\"1a71b78\" data-element_type=\"container\">\n\t\t\t\t\t<div class=\"e-con-inner\">\n\t\t\t\t<div class=\"elementor-element elementor-element-5d50115 elementor-widget elementor-widget-heading\" data-id=\"5d50115\" data-element_type=\"widget\" data-widget_type=\"heading.default\">\n\t\t\t\t\t<h2 class=\"elementor-heading-title elementor-size-default\">Jibiar Tobacco \u2013 \u0130dari Bina | \u0130\u00e7 Mimari Proje<\/h2>\t\t\t\t<\/div>\n\t\t\t\t\t<\/div>\n\t\t\t\t<\/div>\n\t\t<div class=\"elementor-element elementor-element-8b3352e e-flex e-con-boxed e-con e-parent\" data-id=\"8b3352e\" data-element_type=\"container\">\n\t\t\t\t\t<div class=\"e-con-inner\">\n\t\t\t\t<div class=\"elementor-element elementor-element-8ba7f00 elementor-widget elementor-widget-text-editor\" data-id=\"8ba7f00\" data-element_type=\"widget\" data-widget_type=\"text-editor.default\">\n\t\t\t\t\t\t\t\t\t<p>Jibiar Tobacco i\u00e7in haz\u0131rlanan i\u00e7 mimari proje, firman\u0131n kurumsal kimli\u011fini g\u00fc\u00e7l\u00fc bir mek\u00e2nsal dile d\u00f6n\u00fc\u015ft\u00fcrmeyi ve \u00e7al\u0131\u015fanlara modern, d\u00fczenli ve ergonomik bir \u00e7al\u0131\u015fma ortam\u0131 sunmay\u0131 hedefleyen kapsaml\u0131 bir tasar\u0131m \u00e7al\u0131\u015fmas\u0131d\u0131r. Projenin ba\u015flang\u0131c\u0131nda idari birimin mevcut i\u015f ak\u0131\u015flar\u0131, departmanlar\u0131n birbirleriyle olan ili\u015fkileri ve g\u00fcnl\u00fck operasyon ihtiya\u00e7lar\u0131 analiz edilmi\u015ftir. Bu do\u011frultuda ofis, toplant\u0131 odalar\u0131, y\u00f6netim birimleri ve ortak kullan\u0131m alanlar\u0131 fonksiyonel bir yerle\u015fim d\u00fczeniyle yeniden kurgulanm\u0131\u015ft\u0131r. Tasar\u0131m\u0131n ana hedefi, kurumun profesyonel duru\u015funu yans\u0131tan, modern \u00e7izgilere sahip<\/p>\t\t\t\t\t\t\t\t<\/div>\n\t\t\t\t<div class=\"elementor-element elementor-element-d61b591 elementor-arrows-position-inside elementor-pagination-position-outside elementor-widget elementor-widget-image-carousel\" data-id=\"d61b591\" data-element_type=\"widget\" data-settings=\"{&quot;navigation&quot;:&quot;both&quot;,&quot;autoplay&quot;:&quot;yes&quot;,&quot;pause_on_hover&quot;:&quot;yes&quot;,&quot;pause_on_interaction&quot;:&quot;yes&quot;,&quot;autoplay_speed&quot;:5000,&quot;infinite&quot;:&quot;yes&quot;,&quot;speed&quot;:500}\" data-widget_type=\"image-carousel.default\">\n\t\t\t\t\t\t\t<div class=\"elementor-image-carousel-wrapper swiper\" role=\"region\" aria-roledescription=\"carousel\" aria-label=\"Resim D\u00f6ng\u00fcs\u00fc\" dir=\"ltr\">\n\t\t\t<div class=\"elementor-image-carousel swiper-wrapper\" aria-live=\"off\">\n\t\t\t\t\t\t\t\t<div class=\"swiper-slide\" role=\"group\" aria-roledescription=\"slide\" aria-label=\"1 \/ 3\"><figure class=\"swiper-slide-inner\"><img decoding=\"async\" class=\"swiper-slide-image\" src=\"https:\/\/hsmo.com.tr\/wp-content\/uploads\/elementor\/thumbs\/1-3-rf6ql973ym5vkuxo1pqkeetr7qbsrz6yan4l8smu0g.jpg\" alt=\"1\" \/><\/figure><\/div><div class=\"swiper-slide\" role=\"group\" aria-roledescription=\"slide\" aria-label=\"2 \/ 3\"><figure class=\"swiper-slide-inner\"><img decoding=\"async\" class=\"swiper-slide-image\" src=\"https:\/\/hsmo.com.tr\/wp-content\/uploads\/elementor\/thumbs\/Lobi-2-rf6qlcygpyb0vas7frd2odvll9t9mrlvn5qj5wh9bk.png\" alt=\"Lobi-2\" \/><\/figure><\/div><div class=\"swiper-slide\" role=\"group\" aria-roledescription=\"slide\" aria-label=\"3 \/ 3\"><figure class=\"swiper-slide-inner\"><img decoding=\"async\" class=\"swiper-slide-image\" src=\"https:\/\/hsmo.com.tr\/wp-content\/uploads\/elementor\/thumbs\/Lobi-1-rf6qlsxpy4wwco4zug9qcrufotmi9mdbdctsbltkds.png\" alt=\"Lobi-1\" \/><\/figure><\/div>\t\t\t<\/div>\n\t\t\t\t\t\t\t\t\t\t\t\t<div class=\"elementor-swiper-button elementor-swiper-button-prev\" role=\"button\" tabindex=\"0\">\n\t\t\t\t\t\t<svg aria-hidden=\"true\" class=\"e-font-icon-svg e-eicon-chevron-left\" viewBox=\"0 0 1000 1000\" xmlns=\"http:\/\/www.w3.org\/2000\/svg\"><path d=\"M646 125C629 125 613 133 604 142L308 442C296 454 292 471 292 487 292 504 296 521 308 533L604 854C617 867 629 875 646 875 663 875 679 871 692 858 704 846 713 829 713 812 713 796 708 779 692 767L438 487 692 225C700 217 708 204 708 187 708 171 704 154 692 142 675 129 663 125 646 125Z\"><\/path><\/svg>\t\t\t\t\t<\/div>\n\t\t\t\t\t<div class=\"elementor-swiper-button elementor-swiper-button-next\" role=\"button\" tabindex=\"0\">\n\t\t\t\t\t\t<svg aria-hidden=\"true\" class=\"e-font-icon-svg e-eicon-chevron-right\" viewBox=\"0 0 1000 1000\" xmlns=\"http:\/\/www.w3.org\/2000\/svg\"><path d=\"M696 533C708 521 713 504 713 487 713 471 708 454 696 446L400 146C388 133 375 125 354 125 338 125 325 129 313 142 300 154 292 171 292 187 292 204 296 221 308 233L563 492 304 771C292 783 288 800 288 817 288 833 296 850 308 863 321 871 338 875 354 875 371 875 388 867 400 854L696 533Z\"><\/path><\/svg>\t\t\t\t\t<\/div>\n\t\t\t\t\n\t\t\t\t\t\t\t\t\t<div class=\"swiper-pagination\"><\/div>\n\t\t\t\t\t\t\t\t\t<\/div>\n\t\t\t\t\t\t<\/div>\n\t\t\t\t<div class=\"elementor-element elementor-element-97dec46 elementor-widget elementor-widget-text-editor\" data-id=\"97dec46\" data-element_type=\"widget\" data-widget_type=\"text-editor.default\">\n\t\t\t\t\t\t\t\t\t<h4 data-start=\"1175\" data-end=\"1196\"><strong data-start=\"1179\" data-end=\"1196\">Proje Kapsam\u0131<\/strong><\/h4><p>\u00a0<\/p><ul data-start=\"1197\" data-end=\"1447\"><li data-start=\"1197\" data-end=\"1231\"><p data-start=\"1199\" data-end=\"1231\">Ofis i\u00e7 mek\u00e2n konsept tasar\u0131m\u0131<\/p><\/li><li data-start=\"1232\" data-end=\"1280\"><p data-start=\"1234\" data-end=\"1280\">Y\u00f6netici ve personel alanlar\u0131n\u0131n planlanmas\u0131<\/p><\/li><li data-start=\"1281\" data-end=\"1320\"><p data-start=\"1283\" data-end=\"1320\">Malzeme &amp; renk paleti olu\u015fturulmas\u0131<\/p><\/li><li data-start=\"1321\" data-end=\"1366\"><p data-start=\"1323\" data-end=\"1366\">Ayd\u0131nlatma tasar\u0131m\u0131 ve dekoratif detaylar<\/p><\/li><li data-start=\"1367\" data-end=\"1405\"><p data-start=\"1369\" data-end=\"1405\">3D modelleme ve render \u00e7al\u0131\u015fmalar\u0131<\/p><\/li><li data-start=\"1406\" data-end=\"1447\"><p data-start=\"1408\" data-end=\"1447\">Uygulama i\u00e7in gerekli teknik \u00e7izimler<\/p><\/li><\/ul><h4 data-start=\"1449\" data-end=\"1479\"><strong data-start=\"1453\" data-end=\"1479\">Teslim Edilen \u00c7\u0131kt\u0131lar<\/strong><\/h4><p>\u00a0<\/p><ul data-start=\"1480\" data-end=\"1599\"><li data-start=\"1480\" data-end=\"1507\"><p data-start=\"1482\" data-end=\"1507\">\u0130\u00e7 mek\u00e2n konsept sunumu<\/p><\/li><li data-start=\"1508\" data-end=\"1530\"><p data-start=\"1510\" data-end=\"1530\">Render g\u00f6r\u00fcnt\u00fcleri<\/p><\/li><li data-start=\"1531\" data-end=\"1562\"><p data-start=\"1533\" data-end=\"1562\">Teknik plan\u2013kesit \u00e7izimleri<\/p><\/li><li data-start=\"1563\" data-end=\"1599\"><p data-start=\"1565\" data-end=\"1599\">Malzeme ve mobilya \u00f6neri listesi<\/p><\/li><\/ul>\t\t\t\t\t\t\t\t<\/div>\n\t\t\t\t\t<\/div>\n\t\t\t\t<\/div>\n\t\t<div class=\"elementor-element elementor-element-af61c7b e-flex e-con-boxed e-con e-parent\" data-id=\"af61c7b\" data-element_type=\"container\">\n\t\t\t\t\t<div class=\"e-con-inner\">\n\t\t\t\t<div class=\"elementor-element elementor-element-cf42f69 elementor-widget elementor-widget-spacer\" data-id=\"cf42f69\" data-element_type=\"widget\" data-widget_type=\"spacer.default\">\n\t\t\t\t\t\t\t<div class=\"elementor-spacer\">\n\t\t\t<div class=\"elementor-spacer-inner\"><\/div>\n\t\t<\/div>\n\t\t\t\t\t\t<\/div>\n\t\t\t\t\t<\/div>\n\t\t\t\t<\/div>\n\t\t\t\t<\/div>\n\t\t","protected":false},"excerpt":{"rendered":"<p>2.7.2025 M\u00fc\u015fteri: Proje: Jibiar Tobacco \u2013 \u0130dari Bina \u0130\u00e7 Mimari Proje Jibiar Tobacco \u2013 \u0130dari Bina | \u0130\u00e7 Mimari Proje Jibiar Tobacco i\u00e7in haz\u0131rlanan i\u00e7 mimari proje, firman\u0131n kurumsal kimli\u011fini g\u00fc\u00e7l\u00fc bir mek\u00e2nsal dile d\u00f6n\u00fc\u015ft\u00fcrmeyi ve \u00e7al\u0131\u015fanlara modern, d\u00fczenli ve ergonomik bir \u00e7al\u0131\u015fma ortam\u0131 sunmay\u0131 hedefleyen kapsaml\u0131 bir tasar\u0131m \u00e7al\u0131\u015fmas\u0131d\u0131r. Projenin ba\u015flang\u0131c\u0131nda idari birimin mevcut [&hellip;]<\/p>\n","protected":false},"author":1,"featured_media":0,"parent":0,"menu_order":0,"comment_status":"closed","ping_status":"closed","template":"elementor_header_footer","meta":{"footnotes":""},"class_list":["post-2829","page","type-page","status-publish","hentry"],"_links":{"self":[{"href":"https:\/\/hsmo.com.tr\/index.php\/wp-json\/wp\/v2\/pages\/2829","targetHints":{"allow":["GET"]}}],"collection":[{"href":"https:\/\/hsmo.com.tr\/index.php\/wp-json\/wp\/v2\/pages"}],"about":[{"href":"https:\/\/hsmo.com.tr\/index.php\/wp-json\/wp\/v2\/types\/page"}],"author":[{"embeddable":true,"href":"https:\/\/hsmo.com.tr\/index.php\/wp-json\/wp\/v2\/users\/1"}],"replies":[{"embeddable":true,"href":"https:\/\/hsmo.com.tr\/index.php\/wp-json\/wp\/v2\/comments?post=2829"}],"version-history":[{"count":10,"href":"https:\/\/hsmo.com.tr\/index.php\/wp-json\/wp\/v2\/pages\/2829\/revisions"}],"predecessor-version":[{"id":2843,"href":"https:\/\/hsmo.com.tr\/index.php\/wp-json\/wp\/v2\/pages\/2829\/revisions\/2843"}],"wp:attachment":[{"href":"https:\/\/hsmo.com.tr\/index.php\/wp-json\/wp\/v2\/media?parent=2829"}],"curies":[{"name":"wp","href":"https:\/\/api.w.org\/{rel}","templated":true}]}}