{"id":2763,"date":"2025-11-24T19:33:18","date_gmt":"2025-11-24T16:33:18","guid":{"rendered":"https:\/\/hsmo.com.tr\/?page_id=2763"},"modified":"2025-11-24T19:35:43","modified_gmt":"2025-11-24T16:35:43","slug":"abdi-fidan-villa-mimari-proje","status":"publish","type":"page","link":"https:\/\/hsmo.com.tr\/index.php\/abdi-fidan-villa-mimari-proje\/","title":{"rendered":"Abdi Fidan Villa | Mimari Proje"},"content":{"rendered":"\t\t<div data-elementor-type=\"wp-page\" data-elementor-id=\"2763\" class=\"elementor elementor-2763\">\n\t\t\t\t<div class=\"elementor-element elementor-element-827171b e-flex e-con-boxed e-con e-parent\" data-id=\"827171b\" data-element_type=\"container\">\n\t\t\t\t\t<div class=\"e-con-inner\">\n\t\t<div class=\"elementor-element elementor-element-d66c64f e-con-full e-flex e-con e-child\" data-id=\"d66c64f\" data-element_type=\"container\" data-settings=\"{&quot;background_background&quot;:&quot;classic&quot;}\">\n\t\t<div class=\"elementor-element elementor-element-0ed8b20 e-con-full e-flex e-con e-child\" data-id=\"0ed8b20\" data-element_type=\"container\">\n\t\t<div class=\"elementor-element elementor-element-ad8564c e-con-full e-flex e-con e-child\" data-id=\"ad8564c\" data-element_type=\"container\" data-settings=\"{&quot;background_background&quot;:&quot;classic&quot;}\">\n\t\t<div class=\"elementor-element elementor-element-6768656 e-con-full e-flex e-con e-child\" data-id=\"6768656\" data-element_type=\"container\">\n\t\t\t\t<div class=\"elementor-element elementor-element-be12c21 elementor-icon-list--layout-traditional elementor-list-item-link-full_width elementor-widget elementor-widget-icon-list\" data-id=\"be12c21\" data-element_type=\"widget\" data-widget_type=\"icon-list.default\">\n\t\t\t\t\t\t\t<ul class=\"elementor-icon-list-items\">\n\t\t\t\t\t\t\t<li class=\"elementor-icon-list-item\">\n\t\t\t\t\t\t\t\t\t\t\t<span class=\"elementor-icon-list-icon\">\n\t\t\t\t\t\t\t<svg aria-hidden=\"true\" class=\"e-font-icon-svg e-far-calendar-alt\" viewBox=\"0 0 448 512\" xmlns=\"http:\/\/www.w3.org\/2000\/svg\"><path d=\"M148 288h-40c-6.6 0-12-5.4-12-12v-40c0-6.6 5.4-12 12-12h40c6.6 0 12 5.4 12 12v40c0 6.6-5.4 12-12 12zm108-12v-40c0-6.6-5.4-12-12-12h-40c-6.6 0-12 5.4-12 12v40c0 6.6 5.4 12 12 12h40c6.6 0 12-5.4 12-12zm96 0v-40c0-6.6-5.4-12-12-12h-40c-6.6 0-12 5.4-12 12v40c0 6.6 5.4 12 12 12h40c6.6 0 12-5.4 12-12zm-96 96v-40c0-6.6-5.4-12-12-12h-40c-6.6 0-12 5.4-12 12v40c0 6.6 5.4 12 12 12h40c6.6 0 12-5.4 12-12zm-96 0v-40c0-6.6-5.4-12-12-12h-40c-6.6 0-12 5.4-12 12v40c0 6.6 5.4 12 12 12h40c6.6 0 12-5.4 12-12zm192 0v-40c0-6.6-5.4-12-12-12h-40c-6.6 0-12 5.4-12 12v40c0 6.6 5.4 12 12 12h40c6.6 0 12-5.4 12-12zm96-260v352c0 26.5-21.5 48-48 48H48c-26.5 0-48-21.5-48-48V112c0-26.5 21.5-48 48-48h48V12c0-6.6 5.4-12 12-12h40c6.6 0 12 5.4 12 12v52h128V12c0-6.6 5.4-12 12-12h40c6.6 0 12 5.4 12 12v52h48c26.5 0 48 21.5 48 48zm-48 346V160H48v298c0 3.3 2.7 6 6 6h340c3.3 0 6-2.7 6-6z\"><\/path><\/svg>\t\t\t\t\t\t<\/span>\n\t\t\t\t\t\t\t\t\t\t<span class=\"elementor-icon-list-text\">2.7.2025<\/span>\n\t\t\t\t\t\t\t\t\t<\/li>\n\t\t\t\t\t\t<\/ul>\n\t\t\t\t\t\t<\/div>\n\t\t\t\t<\/div>\n\t\t<div class=\"elementor-element elementor-element-6d897e5 e-con-full e-flex e-con e-child\" data-id=\"6d897e5\" data-element_type=\"container\">\n\t\t\t\t<div class=\"elementor-element elementor-element-161c310 elementor-icon-list--layout-traditional elementor-list-item-link-full_width elementor-widget elementor-widget-icon-list\" data-id=\"161c310\" data-element_type=\"widget\" data-widget_type=\"icon-list.default\">\n\t\t\t\t\t\t\t<ul class=\"elementor-icon-list-items\">\n\t\t\t\t\t\t\t<li class=\"elementor-icon-list-item\">\n\t\t\t\t\t\t\t\t\t\t<span class=\"elementor-icon-list-text\">M\u00fc\u015fteri:<\/span>\n\t\t\t\t\t\t\t\t\t<\/li>\n\t\t\t\t\t\t\t\t<li class=\"elementor-icon-list-item\">\n\t\t\t\t\t\t\t\t\t\t<span class=\"elementor-icon-list-text\">Proje:<\/span>\n\t\t\t\t\t\t\t\t\t<\/li>\n\t\t\t\t\t\t<\/ul>\n\t\t\t\t\t\t<\/div>\n\t\t\t\t<div class=\"elementor-element elementor-element-d347e6f elementor-icon-list--layout-traditional elementor-list-item-link-full_width elementor-widget elementor-widget-icon-list\" data-id=\"d347e6f\" data-element_type=\"widget\" data-widget_type=\"icon-list.default\">\n\t\t\t\t\t\t\t<ul class=\"elementor-icon-list-items\">\n\t\t\t\t\t\t\t<li class=\"elementor-icon-list-item\">\n\t\t\t\t\t\t\t\t\t\t<span class=\"elementor-icon-list-text\">Abdi Fidan Villa<\/span>\n\t\t\t\t\t\t\t\t\t<\/li>\n\t\t\t\t\t\t\t\t<li class=\"elementor-icon-list-item\">\n\t\t\t\t\t\t\t\t\t\t<span class=\"elementor-icon-list-text\">Mimari Proje<\/span>\n\t\t\t\t\t\t\t\t\t<\/li>\n\t\t\t\t\t\t<\/ul>\n\t\t\t\t\t\t<\/div>\n\t\t\t\t<\/div>\n\t\t\t\t<\/div>\n\t\t\t\t<\/div>\n\t\t\t\t<\/div>\n\t\t\t\t\t<\/div>\n\t\t\t\t<\/div>\n\t\t<div class=\"elementor-element elementor-element-1a71b78 e-flex e-con-boxed e-con e-parent\" data-id=\"1a71b78\" data-element_type=\"container\">\n\t\t\t\t\t<div class=\"e-con-inner\">\n\t\t\t\t<div class=\"elementor-element elementor-element-5d50115 elementor-widget elementor-widget-heading\" data-id=\"5d50115\" data-element_type=\"widget\" data-widget_type=\"heading.default\">\n\t\t\t\t\t<h2 class=\"elementor-heading-title elementor-size-default\">Abdi Fidan Villa | Mimari Proje<\/h2>\t\t\t\t<\/div>\n\t\t\t\t\t<\/div>\n\t\t\t\t<\/div>\n\t\t<div class=\"elementor-element elementor-element-8b3352e e-flex e-con-boxed e-con e-parent\" data-id=\"8b3352e\" data-element_type=\"container\">\n\t\t\t\t\t<div class=\"e-con-inner\">\n\t\t\t\t<div class=\"elementor-element elementor-element-8ba7f00 elementor-widget elementor-widget-text-editor\" data-id=\"8ba7f00\" data-element_type=\"widget\" data-widget_type=\"text-editor.default\">\n\t\t\t\t\t\t\t\t\t<p>Abdi Fidan Villa projesi, modern villa ya\u015fam\u0131n\u0131 fonksiyonel mek\u00e2nsal \u00e7\u00f6z\u00fcmlerle bir araya getiren \u00f6zel bir konut tasar\u0131m\u0131 olarak geli\u015ftirilmi\u015ftir. Tasar\u0131m s\u00fcrecinde kullan\u0131c\u0131n\u0131n ya\u015fam al\u0131\u015fkanl\u0131klar\u0131, oda ihtiya\u00e7lar\u0131, i\u00e7 mek\u00e2n beklentileri ve sosyal alan kullan\u0131mlar\u0131 detayl\u0131 bi\u00e7imde de\u011ferlendirilmi\u015ftir. Villan\u0131n plan kurgusu; aile ya\u015fam\u0131n\u0131 destekleyen geni\u015f ortak kullan\u0131m alanlar\u0131, konfor d\u00fczeyi y\u00fcksek \u00f6zel odalar, i\u015flevsel mutfak d\u00fczeni ve peyzajla ili\u015fkisi g\u00fc\u00e7l\u00fc ya\u015fam alanlar\u0131 \u00fczerine kurulmu\u015ftur. Ayr\u0131ca do\u011fal \u0131\u015f\u0131\u011f\u0131n mek\u00e2n\u0131n her noktas\u0131nda hissedilmesini sa\u011flayan pencere d\u00fczeni, d\u0131\u015f cephe \u00f6zellikleri ve malzeme se\u00e7imleri projenin modern kimli\u011fini g\u00fc\u00e7lendirmi\u015ftir.<\/p>\t\t\t\t\t\t\t\t<\/div>\n\t\t\t\t<div class=\"elementor-element elementor-element-d61b591 elementor-arrows-position-inside elementor-pagination-position-outside elementor-widget elementor-widget-image-carousel\" data-id=\"d61b591\" data-element_type=\"widget\" data-settings=\"{&quot;navigation&quot;:&quot;both&quot;,&quot;autoplay&quot;:&quot;yes&quot;,&quot;pause_on_hover&quot;:&quot;yes&quot;,&quot;pause_on_interaction&quot;:&quot;yes&quot;,&quot;autoplay_speed&quot;:5000,&quot;infinite&quot;:&quot;yes&quot;,&quot;speed&quot;:500}\" data-widget_type=\"image-carousel.default\">\n\t\t\t\t\t\t\t<div class=\"elementor-image-carousel-wrapper swiper\" role=\"region\" aria-roledescription=\"carousel\" aria-label=\"Resim D\u00f6ng\u00fcs\u00fc\" dir=\"ltr\">\n\t\t\t<div class=\"elementor-image-carousel swiper-wrapper\" aria-live=\"off\">\n\t\t\t\t\t\t\t\t<div class=\"swiper-slide\" role=\"group\" aria-roledescription=\"slide\" aria-label=\"1 \/ 3\"><figure class=\"swiper-slide-inner\"><img decoding=\"async\" class=\"swiper-slide-image\" src=\"https:\/\/hsmo.com.tr\/wp-content\/uploads\/elementor\/thumbs\/9-rf6pazl3k6ts3u527prno34ykyddwbil9n46uh8ga8.jpg\" alt=\"9\" \/><\/figure><\/div><div class=\"swiper-slide\" role=\"group\" aria-roledescription=\"slide\" aria-label=\"2 \/ 3\"><figure class=\"swiper-slide-inner\"><img decoding=\"async\" class=\"swiper-slide-image\" src=\"https:\/\/hsmo.com.tr\/wp-content\/uploads\/elementor\/thumbs\/7-1-rf6pb3cgbiyxe9zllre5y26syhuur3xim5q4rl2vlc.jpg\" alt=\"7\" \/><\/figure><\/div><div class=\"swiper-slide\" role=\"group\" aria-roledescription=\"slide\" aria-label=\"3 \/ 3\"><figure class=\"swiper-slide-inner\"><img decoding=\"async\" class=\"swiper-slide-image\" src=\"https:\/\/hsmo.com.tr\/wp-content\/uploads\/elementor\/thumbs\/1-1-rf6pb9xbnd7xnjq1jc8jxij146yf8znmz2aj4it4ds.jpg\" alt=\"1\" \/><\/figure><\/div>\t\t\t<\/div>\n\t\t\t\t\t\t\t\t\t\t\t\t<div class=\"elementor-swiper-button elementor-swiper-button-prev\" role=\"button\" tabindex=\"0\">\n\t\t\t\t\t\t<svg aria-hidden=\"true\" class=\"e-font-icon-svg e-eicon-chevron-left\" viewBox=\"0 0 1000 1000\" xmlns=\"http:\/\/www.w3.org\/2000\/svg\"><path d=\"M646 125C629 125 613 133 604 142L308 442C296 454 292 471 292 487 292 504 296 521 308 533L604 854C617 867 629 875 646 875 663 875 679 871 692 858 704 846 713 829 713 812 713 796 708 779 692 767L438 487 692 225C700 217 708 204 708 187 708 171 704 154 692 142 675 129 663 125 646 125Z\"><\/path><\/svg>\t\t\t\t\t<\/div>\n\t\t\t\t\t<div class=\"elementor-swiper-button elementor-swiper-button-next\" role=\"button\" tabindex=\"0\">\n\t\t\t\t\t\t<svg aria-hidden=\"true\" class=\"e-font-icon-svg e-eicon-chevron-right\" viewBox=\"0 0 1000 1000\" xmlns=\"http:\/\/www.w3.org\/2000\/svg\"><path d=\"M696 533C708 521 713 504 713 487 713 471 708 454 696 446L400 146C388 133 375 125 354 125 338 125 325 129 313 142 300 154 292 171 292 187 292 204 296 221 308 233L563 492 304 771C292 783 288 800 288 817 288 833 296 850 308 863 321 871 338 875 354 875 371 875 388 867 400 854L696 533Z\"><\/path><\/svg>\t\t\t\t\t<\/div>\n\t\t\t\t\n\t\t\t\t\t\t\t\t\t<div class=\"swiper-pagination\"><\/div>\n\t\t\t\t\t\t\t\t\t<\/div>\n\t\t\t\t\t\t<\/div>\n\t\t\t\t<div class=\"elementor-element elementor-element-97dec46 elementor-widget elementor-widget-text-editor\" data-id=\"97dec46\" data-element_type=\"widget\" data-widget_type=\"text-editor.default\">\n\t\t\t\t\t\t\t\t\t<h4 data-start=\"2383\" data-end=\"2404\">Proje Kapsam\u0131<\/h4><p>\u00a0<\/p><ul data-start=\"2405\" data-end=\"2604\"><li data-start=\"2405\" data-end=\"2433\"><p data-start=\"2407\" data-end=\"2433\">Villa konsept planlamas\u0131<\/p><\/li><li data-start=\"2434\" data-end=\"2469\"><p data-start=\"2436\" data-end=\"2469\">\u0130\u00e7\u2013d\u0131\u015f mek\u00e2n fonksiyon \u015femalar\u0131<\/p><\/li><li data-start=\"2470\" data-end=\"2505\"><p data-start=\"2472\" data-end=\"2505\">Yap\u0131sal k\u00fctle ve cephe tasar\u0131m\u0131<\/p><\/li><li data-start=\"2506\" data-end=\"2545\"><p data-start=\"2508\" data-end=\"2545\">Teras, bah\u00e7e ve a\u00e7\u0131k alan \u00e7\u00f6z\u00fcmleri<\/p><\/li><li data-start=\"2546\" data-end=\"2575\"><p data-start=\"2548\" data-end=\"2575\">Teknik uygulama \u00e7izimleri<\/p><\/li><li data-start=\"2576\" data-end=\"2604\"><p data-start=\"2578\" data-end=\"2604\">Malzeme paleti \u00f6nerileri<\/p><\/li><\/ul><h4 data-start=\"2606\" data-end=\"2636\"><strong data-start=\"2610\" data-end=\"2636\">Teslim Edilen \u00c7\u0131kt\u0131lar<\/strong><\/h4><p>\u00a0<\/p><ul data-start=\"2637\" data-end=\"2766\"><li data-start=\"2637\" data-end=\"2675\"><p data-start=\"2639\" data-end=\"2675\">Villa plan\u2013kesit\u2013g\u00f6r\u00fcn\u00fc\u015f paftalar\u0131<\/p><\/li><li data-start=\"2676\" data-end=\"2706\"><p data-start=\"2678\" data-end=\"2706\">Cephe 3D render g\u00f6rselleri<\/p><\/li><li data-start=\"2707\" data-end=\"2737\"><p data-start=\"2709\" data-end=\"2737\">\u0130\u00e7 mek\u00e2n konsept sunumlar\u0131<\/p><\/li><li data-start=\"2738\" data-end=\"2766\"><p data-start=\"2740\" data-end=\"2766\">Peyzaj tasar\u0131m eskizleri<\/p><\/li><\/ul>\t\t\t\t\t\t\t\t<\/div>\n\t\t\t\t\t<\/div>\n\t\t\t\t<\/div>\n\t\t<div class=\"elementor-element elementor-element-af61c7b e-flex e-con-boxed e-con e-parent\" data-id=\"af61c7b\" data-element_type=\"container\">\n\t\t\t\t\t<div class=\"e-con-inner\">\n\t\t\t\t<div class=\"elementor-element elementor-element-cf42f69 elementor-widget elementor-widget-spacer\" data-id=\"cf42f69\" data-element_type=\"widget\" data-widget_type=\"spacer.default\">\n\t\t\t\t\t\t\t<div class=\"elementor-spacer\">\n\t\t\t<div class=\"elementor-spacer-inner\"><\/div>\n\t\t<\/div>\n\t\t\t\t\t\t<\/div>\n\t\t\t\t\t<\/div>\n\t\t\t\t<\/div>\n\t\t\t\t<\/div>\n\t\t","protected":false},"excerpt":{"rendered":"<p>2.7.2025 M\u00fc\u015fteri: Proje: Abdi Fidan Villa Mimari Proje Abdi Fidan Villa | Mimari Proje Abdi Fidan Villa projesi, modern villa ya\u015fam\u0131n\u0131 fonksiyonel mek\u00e2nsal \u00e7\u00f6z\u00fcmlerle bir araya getiren \u00f6zel bir konut tasar\u0131m\u0131 olarak geli\u015ftirilmi\u015ftir. Tasar\u0131m s\u00fcrecinde kullan\u0131c\u0131n\u0131n ya\u015fam al\u0131\u015fkanl\u0131klar\u0131, oda ihtiya\u00e7lar\u0131, i\u00e7 mek\u00e2n beklentileri ve sosyal alan kullan\u0131mlar\u0131 detayl\u0131 bi\u00e7imde de\u011ferlendirilmi\u015ftir. Villan\u0131n plan kurgusu; aile ya\u015fam\u0131n\u0131 [&hellip;]<\/p>\n","protected":false},"author":1,"featured_media":0,"parent":0,"menu_order":0,"comment_status":"closed","ping_status":"closed","template":"elementor_header_footer","meta":{"footnotes":""},"class_list":["post-2763","page","type-page","status-publish","hentry"],"_links":{"self":[{"href":"https:\/\/hsmo.com.tr\/index.php\/wp-json\/wp\/v2\/pages\/2763","targetHints":{"allow":["GET"]}}],"collection":[{"href":"https:\/\/hsmo.com.tr\/index.php\/wp-json\/wp\/v2\/pages"}],"about":[{"href":"https:\/\/hsmo.com.tr\/index.php\/wp-json\/wp\/v2\/types\/page"}],"author":[{"embeddable":true,"href":"https:\/\/hsmo.com.tr\/index.php\/wp-json\/wp\/v2\/users\/1"}],"replies":[{"embeddable":true,"href":"https:\/\/hsmo.com.tr\/index.php\/wp-json\/wp\/v2\/comments?post=2763"}],"version-history":[{"count":7,"href":"https:\/\/hsmo.com.tr\/index.php\/wp-json\/wp\/v2\/pages\/2763\/revisions"}],"predecessor-version":[{"id":2775,"href":"https:\/\/hsmo.com.tr\/index.php\/wp-json\/wp\/v2\/pages\/2763\/revisions\/2775"}],"wp:attachment":[{"href":"https:\/\/hsmo.com.tr\/index.php\/wp-json\/wp\/v2\/media?parent=2763"}],"curies":[{"name":"wp","href":"https:\/\/api.w.org\/{rel}","templated":true}]}}