{"id":2700,"date":"2025-11-24T19:20:07","date_gmt":"2025-11-24T16:20:07","guid":{"rendered":"https:\/\/hsmo.com.tr\/?page_id=2700"},"modified":"2025-11-24T19:24:14","modified_gmt":"2025-11-24T16:24:14","slug":"bahcesehir-konaklari-3d-animasyon-projesi","status":"publish","type":"page","link":"https:\/\/hsmo.com.tr\/index.php\/bahcesehir-konaklari-3d-animasyon-projesi\/","title":{"rendered":"Bah\u00e7e\u015fehir Konaklar\u0131 \u2013 3D Animasyon Projesi"},"content":{"rendered":"\t\t<div data-elementor-type=\"wp-page\" data-elementor-id=\"2700\" class=\"elementor elementor-2700\">\n\t\t\t\t<div class=\"elementor-element elementor-element-827171b e-flex e-con-boxed e-con e-parent\" data-id=\"827171b\" data-element_type=\"container\">\n\t\t\t\t\t<div class=\"e-con-inner\">\n\t\t<div class=\"elementor-element elementor-element-d66c64f e-con-full e-flex e-con e-child\" data-id=\"d66c64f\" data-element_type=\"container\" data-settings=\"{&quot;background_background&quot;:&quot;classic&quot;}\">\n\t\t<div class=\"elementor-element elementor-element-0ed8b20 e-con-full e-flex e-con e-child\" data-id=\"0ed8b20\" data-element_type=\"container\">\n\t\t<div class=\"elementor-element elementor-element-ad8564c e-con-full e-flex e-con e-child\" data-id=\"ad8564c\" data-element_type=\"container\" data-settings=\"{&quot;background_background&quot;:&quot;classic&quot;}\">\n\t\t<div class=\"elementor-element elementor-element-6768656 e-con-full e-flex e-con e-child\" data-id=\"6768656\" data-element_type=\"container\">\n\t\t\t\t<div class=\"elementor-element elementor-element-be12c21 elementor-icon-list--layout-traditional elementor-list-item-link-full_width elementor-widget elementor-widget-icon-list\" data-id=\"be12c21\" data-element_type=\"widget\" data-widget_type=\"icon-list.default\">\n\t\t\t\t\t\t\t<ul class=\"elementor-icon-list-items\">\n\t\t\t\t\t\t\t<li class=\"elementor-icon-list-item\">\n\t\t\t\t\t\t\t\t\t\t\t<span class=\"elementor-icon-list-icon\">\n\t\t\t\t\t\t\t<svg aria-hidden=\"true\" class=\"e-font-icon-svg e-far-calendar-alt\" viewBox=\"0 0 448 512\" xmlns=\"http:\/\/www.w3.org\/2000\/svg\"><path d=\"M148 288h-40c-6.6 0-12-5.4-12-12v-40c0-6.6 5.4-12 12-12h40c6.6 0 12 5.4 12 12v40c0 6.6-5.4 12-12 12zm108-12v-40c0-6.6-5.4-12-12-12h-40c-6.6 0-12 5.4-12 12v40c0 6.6 5.4 12 12 12h40c6.6 0 12-5.4 12-12zm96 0v-40c0-6.6-5.4-12-12-12h-40c-6.6 0-12 5.4-12 12v40c0 6.6 5.4 12 12 12h40c6.6 0 12-5.4 12-12zm-96 96v-40c0-6.6-5.4-12-12-12h-40c-6.6 0-12 5.4-12 12v40c0 6.6 5.4 12 12 12h40c6.6 0 12-5.4 12-12zm-96 0v-40c0-6.6-5.4-12-12-12h-40c-6.6 0-12 5.4-12 12v40c0 6.6 5.4 12 12 12h40c6.6 0 12-5.4 12-12zm192 0v-40c0-6.6-5.4-12-12-12h-40c-6.6 0-12 5.4-12 12v40c0 6.6 5.4 12 12 12h40c6.6 0 12-5.4 12-12zm96-260v352c0 26.5-21.5 48-48 48H48c-26.5 0-48-21.5-48-48V112c0-26.5 21.5-48 48-48h48V12c0-6.6 5.4-12 12-12h40c6.6 0 12 5.4 12 12v52h128V12c0-6.6 5.4-12 12-12h40c6.6 0 12 5.4 12 12v52h48c26.5 0 48 21.5 48 48zm-48 346V160H48v298c0 3.3 2.7 6 6 6h340c3.3 0 6-2.7 6-6z\"><\/path><\/svg>\t\t\t\t\t\t<\/span>\n\t\t\t\t\t\t\t\t\t\t<span class=\"elementor-icon-list-text\">2.7.2025<\/span>\n\t\t\t\t\t\t\t\t\t<\/li>\n\t\t\t\t\t\t<\/ul>\n\t\t\t\t\t\t<\/div>\n\t\t\t\t<\/div>\n\t\t<div class=\"elementor-element elementor-element-6d897e5 e-con-full e-flex e-con e-child\" data-id=\"6d897e5\" data-element_type=\"container\">\n\t\t\t\t<div class=\"elementor-element elementor-element-161c310 elementor-icon-list--layout-traditional elementor-list-item-link-full_width elementor-widget elementor-widget-icon-list\" data-id=\"161c310\" data-element_type=\"widget\" data-widget_type=\"icon-list.default\">\n\t\t\t\t\t\t\t<ul class=\"elementor-icon-list-items\">\n\t\t\t\t\t\t\t<li class=\"elementor-icon-list-item\">\n\t\t\t\t\t\t\t\t\t\t<span class=\"elementor-icon-list-text\">M\u00fc\u015fteri:<\/span>\n\t\t\t\t\t\t\t\t\t<\/li>\n\t\t\t\t\t\t\t\t<li class=\"elementor-icon-list-item\">\n\t\t\t\t\t\t\t\t\t\t<span class=\"elementor-icon-list-text\">Proje:<\/span>\n\t\t\t\t\t\t\t\t\t<\/li>\n\t\t\t\t\t\t<\/ul>\n\t\t\t\t\t\t<\/div>\n\t\t\t\t<div class=\"elementor-element elementor-element-d347e6f elementor-icon-list--layout-traditional elementor-list-item-link-full_width elementor-widget elementor-widget-icon-list\" data-id=\"d347e6f\" data-element_type=\"widget\" data-widget_type=\"icon-list.default\">\n\t\t\t\t\t\t\t<ul class=\"elementor-icon-list-items\">\n\t\t\t\t\t\t\t<li class=\"elementor-icon-list-item\">\n\t\t\t\t\t\t\t\t\t\t<span class=\"elementor-icon-list-text\">Bah\u00e7e\u015fehir Konaklar\u0131<\/span>\n\t\t\t\t\t\t\t\t\t<\/li>\n\t\t\t\t\t\t\t\t<li class=\"elementor-icon-list-item\">\n\t\t\t\t\t\t\t\t\t\t<span class=\"elementor-icon-list-text\">3D Animasyon Projesi<\/span>\n\t\t\t\t\t\t\t\t\t<\/li>\n\t\t\t\t\t\t<\/ul>\n\t\t\t\t\t\t<\/div>\n\t\t\t\t<\/div>\n\t\t\t\t<\/div>\n\t\t\t\t<\/div>\n\t\t\t\t<\/div>\n\t\t\t\t\t<\/div>\n\t\t\t\t<\/div>\n\t\t<div class=\"elementor-element elementor-element-1a71b78 e-flex e-con-boxed e-con e-parent\" data-id=\"1a71b78\" data-element_type=\"container\">\n\t\t\t\t\t<div class=\"e-con-inner\">\n\t\t\t\t<div class=\"elementor-element elementor-element-5d50115 elementor-widget elementor-widget-heading\" data-id=\"5d50115\" data-element_type=\"widget\" data-widget_type=\"heading.default\">\n\t\t\t\t\t<h2 class=\"elementor-heading-title elementor-size-default\">Bah\u00e7e\u015fehir Konaklar\u0131 \u2013 3D Animasyon Projesi<\/h2>\t\t\t\t<\/div>\n\t\t\t\t\t<\/div>\n\t\t\t\t<\/div>\n\t\t<div class=\"elementor-element elementor-element-8b3352e e-flex e-con-boxed e-con e-parent\" data-id=\"8b3352e\" data-element_type=\"container\">\n\t\t\t\t\t<div class=\"e-con-inner\">\n\t\t\t\t<div class=\"elementor-element elementor-element-8ba7f00 elementor-widget elementor-widget-text-editor\" data-id=\"8ba7f00\" data-element_type=\"widget\" data-widget_type=\"text-editor.default\">\n\t\t\t\t\t\t\t\t\t<p>Bah\u00e7e\u015fehir Konaklar\u0131 i\u00e7in haz\u0131rlanan animasyon \u00e7al\u0131\u015fmas\u0131, modern \u015fehir ya\u015fam\u0131n\u0131 aile odakl\u0131 bir konut konsepti ile birle\u015ftiren proje yap\u0131s\u0131n\u0131 profesyonel bir sunum diliyle aktarmay\u0131 hedeflemi\u015ftir. D\u0131\u015f cephe tasar\u0131mlar\u0131, konut bloklar\u0131, sosyal alanlar ve i\u00e7 mek\u00e2n detaylar\u0131 ger\u00e7ek \u00f6l\u00e7\u00fclere uygun \u015fekilde modellenmi\u015f; animasyon boyunca mek\u00e2n ak\u0131\u015f\u0131n\u0131 do\u011fal bir hisle yans\u0131tacak kamera ge\u00e7i\u015fleri tasarlanm\u0131\u015ft\u0131r. Projenin \u00f6n plana \u00e7\u0131kan geni\u015f peyzaj alanlar\u0131, modern mimari dili ve ya\u015fam alanlar\u0131n\u0131n fonksiyonelli\u011fi, \u0131\u015f\u0131k d\u00fczeni ve perspektif tasar\u0131mlar\u0131yla vurgulanm\u0131\u015ft\u0131r. Render s\u00fcrecinde malzeme dokular\u0131, do\u011fal \u0131\u015f\u0131k ge\u00e7i\u015fleri ve atmosfer efektleri profesyonel standartlarda i\u015flenerek projenin g\u00fc\u00e7l\u00fc bir sat\u0131\u015f ve tan\u0131t\u0131m materyaline d\u00f6n\u00fc\u015fmesi sa\u011flanm\u0131\u015ft\u0131r.<\/p>\t\t\t\t\t\t\t\t<\/div>\n\t\t\t\t<div class=\"elementor-element elementor-element-d61b591 elementor-arrows-position-inside elementor-pagination-position-outside elementor-widget elementor-widget-image-carousel\" data-id=\"d61b591\" data-element_type=\"widget\" data-settings=\"{&quot;navigation&quot;:&quot;both&quot;,&quot;autoplay&quot;:&quot;yes&quot;,&quot;pause_on_hover&quot;:&quot;yes&quot;,&quot;pause_on_interaction&quot;:&quot;yes&quot;,&quot;autoplay_speed&quot;:5000,&quot;infinite&quot;:&quot;yes&quot;,&quot;speed&quot;:500}\" data-widget_type=\"image-carousel.default\">\n\t\t\t\t\t\t\t<div class=\"elementor-image-carousel-wrapper swiper\" role=\"region\" aria-roledescription=\"carousel\" aria-label=\"Resim D\u00f6ng\u00fcs\u00fc\" dir=\"ltr\">\n\t\t\t<div class=\"elementor-image-carousel swiper-wrapper\" aria-live=\"off\">\n\t\t\t\t\t\t\t\t<div class=\"swiper-slide\" role=\"group\" aria-roledescription=\"slide\" aria-label=\"1 \/ 4\"><figure class=\"swiper-slide-inner\"><img decoding=\"async\" class=\"swiper-slide-image\" src=\"https:\/\/hsmo.com.tr\/wp-content\/uploads\/elementor\/thumbs\/5-rf6or3c2wflacz1ge45xw3vpxcfoyyj4j6075mqfzk.jpg\" alt=\"5\" \/><\/figure><\/div><div class=\"swiper-slide\" role=\"group\" aria-roledescription=\"slide\" aria-label=\"2 \/ 4\"><figure class=\"swiper-slide-inner\"><img decoding=\"async\" class=\"swiper-slide-image\" src=\"https:\/\/hsmo.com.tr\/wp-content\/uploads\/elementor\/thumbs\/3-1-rf6or65lgxp5bsxcxndtll63pi1sm1ubjjynlgm9gw.jpg\" alt=\"3\" \/><\/figure><\/div><div class=\"swiper-slide\" role=\"group\" aria-roledescription=\"slide\" aria-label=\"3 \/ 4\"><figure class=\"swiper-slide-inner\"><img decoding=\"async\" class=\"swiper-slide-image\" src=\"https:\/\/hsmo.com.tr\/wp-content\/uploads\/elementor\/thumbs\/2-1-rf6or819ulrpz0ummo72qkp0w9sj1g1s7t9mk0jh4g.jpg\" alt=\"2\" \/><\/figure><\/div><div class=\"swiper-slide\" role=\"group\" aria-roledescription=\"slide\" aria-label=\"4 \/ 4\"><figure class=\"swiper-slide-inner\"><img decoding=\"async\" class=\"swiper-slide-image\" src=\"https:\/\/hsmo.com.tr\/wp-content\/uploads\/elementor\/thumbs\/1-rf6orausf3vkxuqj67eyg1zeofemojcz8782zufals.jpg\" alt=\"1\" \/><\/figure><\/div>\t\t\t<\/div>\n\t\t\t\t\t\t\t\t\t\t\t\t<div class=\"elementor-swiper-button elementor-swiper-button-prev\" role=\"button\" tabindex=\"0\">\n\t\t\t\t\t\t<svg aria-hidden=\"true\" class=\"e-font-icon-svg e-eicon-chevron-left\" viewBox=\"0 0 1000 1000\" xmlns=\"http:\/\/www.w3.org\/2000\/svg\"><path d=\"M646 125C629 125 613 133 604 142L308 442C296 454 292 471 292 487 292 504 296 521 308 533L604 854C617 867 629 875 646 875 663 875 679 871 692 858 704 846 713 829 713 812 713 796 708 779 692 767L438 487 692 225C700 217 708 204 708 187 708 171 704 154 692 142 675 129 663 125 646 125Z\"><\/path><\/svg>\t\t\t\t\t<\/div>\n\t\t\t\t\t<div class=\"elementor-swiper-button elementor-swiper-button-next\" role=\"button\" tabindex=\"0\">\n\t\t\t\t\t\t<svg aria-hidden=\"true\" class=\"e-font-icon-svg e-eicon-chevron-right\" viewBox=\"0 0 1000 1000\" xmlns=\"http:\/\/www.w3.org\/2000\/svg\"><path d=\"M696 533C708 521 713 504 713 487 713 471 708 454 696 446L400 146C388 133 375 125 354 125 338 125 325 129 313 142 300 154 292 171 292 187 292 204 296 221 308 233L563 492 304 771C292 783 288 800 288 817 288 833 296 850 308 863 321 871 338 875 354 875 371 875 388 867 400 854L696 533Z\"><\/path><\/svg>\t\t\t\t\t<\/div>\n\t\t\t\t\n\t\t\t\t\t\t\t\t\t<div class=\"swiper-pagination\"><\/div>\n\t\t\t\t\t\t\t\t\t<\/div>\n\t\t\t\t\t\t<\/div>\n\t\t\t\t<div class=\"elementor-element elementor-element-97dec46 elementor-widget elementor-widget-text-editor\" data-id=\"97dec46\" data-element_type=\"widget\" data-widget_type=\"text-editor.default\">\n\t\t\t\t\t\t\t\t\t<h4 data-start=\"3913\" data-end=\"3934\"><strong data-start=\"3917\" data-end=\"3934\">Proje Kapsam\u0131<\/strong><\/h4><p>\u00a0<\/p><ul data-start=\"3935\" data-end=\"4166\"><li data-start=\"3935\" data-end=\"3971\"><p data-start=\"3937\" data-end=\"3971\">Konut bloklar\u0131n\u0131n 3D modellemesi<\/p><\/li><li data-start=\"3972\" data-end=\"4006\"><p data-start=\"3974\" data-end=\"4006\">Peyzaj &amp; sosyal alan sahneleri<\/p><\/li><li data-start=\"4007\" data-end=\"4049\"><p data-start=\"4009\" data-end=\"4049\">\u0130\u00e7 mek\u00e2n y\u00f6nlendirmeli kamera rotalar\u0131<\/p><\/li><li data-start=\"4050\" data-end=\"4087\"><p data-start=\"4052\" data-end=\"4087\">HDRI \u0131\u015f\u0131k ve atmosfer sim\u00fclasyonu<\/p><\/li><li data-start=\"4088\" data-end=\"4126\"><p data-start=\"4090\" data-end=\"4126\">Ger\u00e7ek\u00e7i malzeme kaplama ve render<\/p><\/li><li data-start=\"4127\" data-end=\"4166\"><p data-start=\"4129\" data-end=\"4166\">Animasyon montaj &amp; post-prod\u00fcksiyon<\/p><\/li><\/ul><h4 data-start=\"4168\" data-end=\"4198\"><strong data-start=\"4172\" data-end=\"4198\">Teslim Edilen \u00c7\u0131kt\u0131lar<\/strong><\/h4><p>\u00a0<\/p><ul data-start=\"4199\" data-end=\"4347\"><li data-start=\"4199\" data-end=\"4232\"><p data-start=\"4201\" data-end=\"4232\">Full HD proje tan\u0131t\u0131m videosu<\/p><\/li><li data-start=\"4233\" data-end=\"4266\"><p data-start=\"4235\" data-end=\"4266\">D\u0131\u015f mek\u00e2n highlight sahneleri<\/p><\/li><li data-start=\"4267\" data-end=\"4305\"><p data-start=\"4269\" data-end=\"4305\">\u0130\u00e7 mek\u00e2n walkthrough animasyonlar\u0131<\/p><\/li><li data-start=\"4306\" data-end=\"4347\"><p data-start=\"4308\" data-end=\"4347\">Render karelerinden olu\u015fan sunum seti<\/p><\/li><\/ul>\t\t\t\t\t\t\t\t<\/div>\n\t\t\t\t\t<\/div>\n\t\t\t\t<\/div>\n\t\t<div class=\"elementor-element elementor-element-af61c7b e-flex e-con-boxed e-con e-parent\" data-id=\"af61c7b\" data-element_type=\"container\">\n\t\t\t\t\t<div class=\"e-con-inner\">\n\t\t\t\t<div class=\"elementor-element elementor-element-cf42f69 elementor-widget elementor-widget-spacer\" data-id=\"cf42f69\" data-element_type=\"widget\" data-widget_type=\"spacer.default\">\n\t\t\t\t\t\t\t<div class=\"elementor-spacer\">\n\t\t\t<div class=\"elementor-spacer-inner\"><\/div>\n\t\t<\/div>\n\t\t\t\t\t\t<\/div>\n\t\t\t\t\t<\/div>\n\t\t\t\t<\/div>\n\t\t\t\t<\/div>\n\t\t","protected":false},"excerpt":{"rendered":"<p>2.7.2025 M\u00fc\u015fteri: Proje: Bah\u00e7e\u015fehir Konaklar\u0131 3D Animasyon Projesi Bah\u00e7e\u015fehir Konaklar\u0131 \u2013 3D Animasyon Projesi Bah\u00e7e\u015fehir Konaklar\u0131 i\u00e7in haz\u0131rlanan animasyon \u00e7al\u0131\u015fmas\u0131, modern \u015fehir ya\u015fam\u0131n\u0131 aile odakl\u0131 bir konut konsepti ile birle\u015ftiren proje yap\u0131s\u0131n\u0131 profesyonel bir sunum diliyle aktarmay\u0131 hedeflemi\u015ftir. D\u0131\u015f cephe tasar\u0131mlar\u0131, konut bloklar\u0131, sosyal alanlar ve i\u00e7 mek\u00e2n detaylar\u0131 ger\u00e7ek \u00f6l\u00e7\u00fclere uygun \u015fekilde modellenmi\u015f; animasyon [&hellip;]<\/p>\n","protected":false},"author":1,"featured_media":0,"parent":0,"menu_order":0,"comment_status":"closed","ping_status":"closed","template":"elementor_header_footer","meta":{"footnotes":""},"class_list":["post-2700","page","type-page","status-publish","hentry"],"_links":{"self":[{"href":"https:\/\/hsmo.com.tr\/index.php\/wp-json\/wp\/v2\/pages\/2700","targetHints":{"allow":["GET"]}}],"collection":[{"href":"https:\/\/hsmo.com.tr\/index.php\/wp-json\/wp\/v2\/pages"}],"about":[{"href":"https:\/\/hsmo.com.tr\/index.php\/wp-json\/wp\/v2\/types\/page"}],"author":[{"embeddable":true,"href":"https:\/\/hsmo.com.tr\/index.php\/wp-json\/wp\/v2\/users\/1"}],"replies":[{"embeddable":true,"href":"https:\/\/hsmo.com.tr\/index.php\/wp-json\/wp\/v2\/comments?post=2700"}],"version-history":[{"count":13,"href":"https:\/\/hsmo.com.tr\/index.php\/wp-json\/wp\/v2\/pages\/2700\/revisions"}],"predecessor-version":[{"id":2744,"href":"https:\/\/hsmo.com.tr\/index.php\/wp-json\/wp\/v2\/pages\/2700\/revisions\/2744"}],"wp:attachment":[{"href":"https:\/\/hsmo.com.tr\/index.php\/wp-json\/wp\/v2\/media?parent=2700"}],"curies":[{"name":"wp","href":"https:\/\/api.w.org\/{rel}","templated":true}]}}