{"id":2686,"date":"2025-11-24T19:10:12","date_gmt":"2025-11-24T16:10:12","guid":{"rendered":"https:\/\/hsmo.com.tr\/?page_id=2686"},"modified":"2025-11-24T19:17:31","modified_gmt":"2025-11-24T16:17:31","slug":"sapanca-manzara-konaklari-3d-animasyon-projesi","status":"publish","type":"page","link":"https:\/\/hsmo.com.tr\/index.php\/sapanca-manzara-konaklari-3d-animasyon-projesi\/","title":{"rendered":"Sapanca Manzara Konaklar\u0131 \u2013 3D Animasyon Projesi"},"content":{"rendered":"\t\t<div data-elementor-type=\"wp-page\" data-elementor-id=\"2686\" class=\"elementor elementor-2686\">\n\t\t\t\t<div class=\"elementor-element elementor-element-827171b e-flex e-con-boxed e-con e-parent\" data-id=\"827171b\" data-element_type=\"container\">\n\t\t\t\t\t<div class=\"e-con-inner\">\n\t\t<div class=\"elementor-element elementor-element-d66c64f e-con-full e-flex e-con e-child\" data-id=\"d66c64f\" data-element_type=\"container\" data-settings=\"{&quot;background_background&quot;:&quot;classic&quot;}\">\n\t\t<div class=\"elementor-element elementor-element-0ed8b20 e-con-full e-flex e-con e-child\" data-id=\"0ed8b20\" data-element_type=\"container\">\n\t\t<div class=\"elementor-element elementor-element-ad8564c e-con-full e-flex e-con e-child\" data-id=\"ad8564c\" data-element_type=\"container\" data-settings=\"{&quot;background_background&quot;:&quot;classic&quot;}\">\n\t\t<div class=\"elementor-element elementor-element-6768656 e-con-full e-flex e-con e-child\" data-id=\"6768656\" data-element_type=\"container\">\n\t\t\t\t<div class=\"elementor-element elementor-element-be12c21 elementor-icon-list--layout-traditional elementor-list-item-link-full_width elementor-widget elementor-widget-icon-list\" data-id=\"be12c21\" data-element_type=\"widget\" data-widget_type=\"icon-list.default\">\n\t\t\t\t\t\t\t<ul class=\"elementor-icon-list-items\">\n\t\t\t\t\t\t\t<li class=\"elementor-icon-list-item\">\n\t\t\t\t\t\t\t\t\t\t\t<span class=\"elementor-icon-list-icon\">\n\t\t\t\t\t\t\t<svg aria-hidden=\"true\" class=\"e-font-icon-svg e-far-calendar-alt\" viewBox=\"0 0 448 512\" xmlns=\"http:\/\/www.w3.org\/2000\/svg\"><path d=\"M148 288h-40c-6.6 0-12-5.4-12-12v-40c0-6.6 5.4-12 12-12h40c6.6 0 12 5.4 12 12v40c0 6.6-5.4 12-12 12zm108-12v-40c0-6.6-5.4-12-12-12h-40c-6.6 0-12 5.4-12 12v40c0 6.6 5.4 12 12 12h40c6.6 0 12-5.4 12-12zm96 0v-40c0-6.6-5.4-12-12-12h-40c-6.6 0-12 5.4-12 12v40c0 6.6 5.4 12 12 12h40c6.6 0 12-5.4 12-12zm-96 96v-40c0-6.6-5.4-12-12-12h-40c-6.6 0-12 5.4-12 12v40c0 6.6 5.4 12 12 12h40c6.6 0 12-5.4 12-12zm-96 0v-40c0-6.6-5.4-12-12-12h-40c-6.6 0-12 5.4-12 12v40c0 6.6 5.4 12 12 12h40c6.6 0 12-5.4 12-12zm192 0v-40c0-6.6-5.4-12-12-12h-40c-6.6 0-12 5.4-12 12v40c0 6.6 5.4 12 12 12h40c6.6 0 12-5.4 12-12zm96-260v352c0 26.5-21.5 48-48 48H48c-26.5 0-48-21.5-48-48V112c0-26.5 21.5-48 48-48h48V12c0-6.6 5.4-12 12-12h40c6.6 0 12 5.4 12 12v52h128V12c0-6.6 5.4-12 12-12h40c6.6 0 12 5.4 12 12v52h48c26.5 0 48 21.5 48 48zm-48 346V160H48v298c0 3.3 2.7 6 6 6h340c3.3 0 6-2.7 6-6z\"><\/path><\/svg>\t\t\t\t\t\t<\/span>\n\t\t\t\t\t\t\t\t\t\t<span class=\"elementor-icon-list-text\">2.7.2025<\/span>\n\t\t\t\t\t\t\t\t\t<\/li>\n\t\t\t\t\t\t<\/ul>\n\t\t\t\t\t\t<\/div>\n\t\t\t\t<\/div>\n\t\t<div class=\"elementor-element elementor-element-6d897e5 e-con-full e-flex e-con e-child\" data-id=\"6d897e5\" data-element_type=\"container\">\n\t\t\t\t<div class=\"elementor-element elementor-element-161c310 elementor-icon-list--layout-traditional elementor-list-item-link-full_width elementor-widget elementor-widget-icon-list\" data-id=\"161c310\" data-element_type=\"widget\" data-widget_type=\"icon-list.default\">\n\t\t\t\t\t\t\t<ul class=\"elementor-icon-list-items\">\n\t\t\t\t\t\t\t<li class=\"elementor-icon-list-item\">\n\t\t\t\t\t\t\t\t\t\t<span class=\"elementor-icon-list-text\">M\u00fc\u015fteri:<\/span>\n\t\t\t\t\t\t\t\t\t<\/li>\n\t\t\t\t\t\t\t\t<li class=\"elementor-icon-list-item\">\n\t\t\t\t\t\t\t\t\t\t<span class=\"elementor-icon-list-text\">Proje:<\/span>\n\t\t\t\t\t\t\t\t\t<\/li>\n\t\t\t\t\t\t<\/ul>\n\t\t\t\t\t\t<\/div>\n\t\t\t\t<div class=\"elementor-element elementor-element-d347e6f elementor-icon-list--layout-traditional elementor-list-item-link-full_width elementor-widget elementor-widget-icon-list\" data-id=\"d347e6f\" data-element_type=\"widget\" data-widget_type=\"icon-list.default\">\n\t\t\t\t\t\t\t<ul class=\"elementor-icon-list-items\">\n\t\t\t\t\t\t\t<li class=\"elementor-icon-list-item\">\n\t\t\t\t\t\t\t\t\t\t<span class=\"elementor-icon-list-text\">Sapanca Manzara Konaklar\u0131<\/span>\n\t\t\t\t\t\t\t\t\t<\/li>\n\t\t\t\t\t\t\t\t<li class=\"elementor-icon-list-item\">\n\t\t\t\t\t\t\t\t\t\t<span class=\"elementor-icon-list-text\">3D Animasyon<\/span>\n\t\t\t\t\t\t\t\t\t<\/li>\n\t\t\t\t\t\t<\/ul>\n\t\t\t\t\t\t<\/div>\n\t\t\t\t<\/div>\n\t\t\t\t<\/div>\n\t\t\t\t<\/div>\n\t\t\t\t<\/div>\n\t\t\t\t\t<\/div>\n\t\t\t\t<\/div>\n\t\t<div class=\"elementor-element elementor-element-1a71b78 e-flex e-con-boxed e-con e-parent\" data-id=\"1a71b78\" data-element_type=\"container\">\n\t\t\t\t\t<div class=\"e-con-inner\">\n\t\t\t\t<div class=\"elementor-element elementor-element-5d50115 elementor-widget elementor-widget-heading\" data-id=\"5d50115\" data-element_type=\"widget\" data-widget_type=\"heading.default\">\n\t\t\t\t\t<h2 class=\"elementor-heading-title elementor-size-default\">Sapanca Manzara Konaklar\u0131 \u2013 3D Animasyon Projesi<\/h2>\t\t\t\t<\/div>\n\t\t\t\t\t<\/div>\n\t\t\t\t<\/div>\n\t\t<div class=\"elementor-element elementor-element-8b3352e e-flex e-con-boxed e-con e-parent\" data-id=\"8b3352e\" data-element_type=\"container\">\n\t\t\t\t\t<div class=\"e-con-inner\">\n\t\t\t\t<div class=\"elementor-element elementor-element-8ba7f00 elementor-widget elementor-widget-text-editor\" data-id=\"8ba7f00\" data-element_type=\"widget\" data-widget_type=\"text-editor.default\">\n\t\t\t\t\t\t\t\t\t<p>Sapanca\u2019n\u0131n do\u011fal atmosferine uyumlu olarak geli\u015ftirilen Sapanca Manzara Konaklar\u0131 animasyon projesi, hem do\u011fayla b\u00fct\u00fcnle\u015fmi\u015f bir ya\u015fam tarz\u0131n\u0131 hem de modern konut mimarisinin sundu\u011fu konforu en iyi \u015fekilde yans\u0131tmak amac\u0131yla haz\u0131rlanm\u0131\u015ft\u0131r. Projede yer alan villalar, teras alanlar\u0131, peyzaj d\u00fczenlemeleri ve i\u00e7 mek\u00e2n detaylar\u0131 ger\u00e7ek d\u00fcnya \u00f6l\u00e7\u00fclerine g\u00f6re modellenmi\u015f; animasyon boyunca izleyicinin mek\u00e2n\u0131 ad\u0131m ad\u0131m deneyimleyebilece\u011fi bir kurgu olu\u015fturulmu\u015ftur. Manzara etkisinin \u00f6n plana \u00e7\u0131kmas\u0131 i\u00e7in g\u00fcn \u0131\u015f\u0131\u011f\u0131 y\u00f6n\u00fc, kamera pozisyonlar\u0131 ve sahne ge\u00e7i\u015fleri \u00f6zenle planlanm\u0131\u015f, ye\u015fil doku\u2013mimari form uyumu post-prod\u00fcksiyon a\u015famas\u0131nda g\u00fc\u00e7lendirilmi\u015ftir. Animasyonun genel amac\u0131, projenin bulundu\u011fu do\u011fal \u00e7evreyle kurdu\u011fu ili\u015fkiyi g\u00fc\u00e7l\u00fc bir atmosfer ile izleyiciye aktarmakt\u0131r.<\/p>\t\t\t\t\t\t\t\t<\/div>\n\t\t\t\t<div class=\"elementor-element elementor-element-c8f858c elementor-arrows-position-inside elementor-pagination-position-outside elementor-widget elementor-widget-image-carousel\" data-id=\"c8f858c\" data-element_type=\"widget\" data-settings=\"{&quot;navigation&quot;:&quot;both&quot;,&quot;autoplay&quot;:&quot;yes&quot;,&quot;pause_on_hover&quot;:&quot;yes&quot;,&quot;pause_on_interaction&quot;:&quot;yes&quot;,&quot;autoplay_speed&quot;:5000,&quot;infinite&quot;:&quot;yes&quot;,&quot;speed&quot;:500}\" data-widget_type=\"image-carousel.default\">\n\t\t\t\t\t\t\t<div class=\"elementor-image-carousel-wrapper swiper\" role=\"region\" aria-roledescription=\"carousel\" aria-label=\"Resim D\u00f6ng\u00fcs\u00fc\" dir=\"ltr\">\n\t\t\t<div class=\"elementor-image-carousel swiper-wrapper\" aria-live=\"off\">\n\t\t\t\t\t\t\t\t<div class=\"swiper-slide\" role=\"group\" aria-roledescription=\"slide\" aria-label=\"1 \/ 6\"><figure class=\"swiper-slide-inner\"><img decoding=\"async\" class=\"swiper-slide-image\" src=\"https:\/\/hsmo.com.tr\/wp-content\/uploads\/2025\/11\/15-1024x778.jpg\" alt=\"15\" \/><\/figure><\/div><div class=\"swiper-slide\" role=\"group\" aria-roledescription=\"slide\" aria-label=\"2 \/ 6\"><figure class=\"swiper-slide-inner\"><img decoding=\"async\" class=\"swiper-slide-image\" src=\"https:\/\/hsmo.com.tr\/wp-content\/uploads\/2025\/11\/11-1024x778.jpg\" alt=\"11\" \/><\/figure><\/div><div class=\"swiper-slide\" role=\"group\" aria-roledescription=\"slide\" aria-label=\"3 \/ 6\"><figure class=\"swiper-slide-inner\"><img decoding=\"async\" class=\"swiper-slide-image\" src=\"https:\/\/hsmo.com.tr\/wp-content\/uploads\/2025\/11\/10-1-1024x778.jpg\" alt=\"10\" \/><\/figure><\/div><div class=\"swiper-slide\" role=\"group\" aria-roledescription=\"slide\" aria-label=\"4 \/ 6\"><figure class=\"swiper-slide-inner\"><img decoding=\"async\" class=\"swiper-slide-image\" src=\"https:\/\/hsmo.com.tr\/wp-content\/uploads\/2025\/11\/8-1024x778.jpg\" alt=\"8\" \/><\/figure><\/div><div class=\"swiper-slide\" role=\"group\" aria-roledescription=\"slide\" aria-label=\"5 \/ 6\"><figure class=\"swiper-slide-inner\"><img decoding=\"async\" class=\"swiper-slide-image\" src=\"https:\/\/hsmo.com.tr\/wp-content\/uploads\/2025\/11\/6-1-1024x778.jpg\" alt=\"6\" \/><\/figure><\/div><div class=\"swiper-slide\" role=\"group\" aria-roledescription=\"slide\" aria-label=\"6 \/ 6\"><figure class=\"swiper-slide-inner\"><img decoding=\"async\" class=\"swiper-slide-image\" src=\"https:\/\/hsmo.com.tr\/wp-content\/uploads\/2025\/11\/3-1024x778.jpg\" alt=\"3\" \/><\/figure><\/div>\t\t\t<\/div>\n\t\t\t\t\t\t\t\t\t\t\t\t<div class=\"elementor-swiper-button elementor-swiper-button-prev\" role=\"button\" tabindex=\"0\">\n\t\t\t\t\t\t<svg aria-hidden=\"true\" class=\"e-font-icon-svg e-eicon-chevron-left\" viewBox=\"0 0 1000 1000\" xmlns=\"http:\/\/www.w3.org\/2000\/svg\"><path d=\"M646 125C629 125 613 133 604 142L308 442C296 454 292 471 292 487 292 504 296 521 308 533L604 854C617 867 629 875 646 875 663 875 679 871 692 858 704 846 713 829 713 812 713 796 708 779 692 767L438 487 692 225C700 217 708 204 708 187 708 171 704 154 692 142 675 129 663 125 646 125Z\"><\/path><\/svg>\t\t\t\t\t<\/div>\n\t\t\t\t\t<div class=\"elementor-swiper-button elementor-swiper-button-next\" role=\"button\" tabindex=\"0\">\n\t\t\t\t\t\t<svg aria-hidden=\"true\" class=\"e-font-icon-svg e-eicon-chevron-right\" viewBox=\"0 0 1000 1000\" xmlns=\"http:\/\/www.w3.org\/2000\/svg\"><path d=\"M696 533C708 521 713 504 713 487 713 471 708 454 696 446L400 146C388 133 375 125 354 125 338 125 325 129 313 142 300 154 292 171 292 187 292 204 296 221 308 233L563 492 304 771C292 783 288 800 288 817 288 833 296 850 308 863 321 871 338 875 354 875 371 875 388 867 400 854L696 533Z\"><\/path><\/svg>\t\t\t\t\t<\/div>\n\t\t\t\t\n\t\t\t\t\t\t\t\t\t<div class=\"swiper-pagination\"><\/div>\n\t\t\t\t\t\t\t\t\t<\/div>\n\t\t\t\t\t\t<\/div>\n\t\t\t\t<div class=\"elementor-element elementor-element-97dec46 elementor-widget elementor-widget-text-editor\" data-id=\"97dec46\" data-element_type=\"widget\" data-widget_type=\"text-editor.default\">\n\t\t\t\t\t\t\t\t\t<h4 data-start=\"2605\" data-end=\"2626\"><strong data-start=\"2609\" data-end=\"2626\">Proje Kapsam\u0131<\/strong><\/h4><p>\u00a0<\/p><ul data-start=\"2627\" data-end=\"2870\"><li data-start=\"2627\" data-end=\"2672\"><p data-start=\"2629\" data-end=\"2672\">Villa ve \u00e7evre alanlar\u0131n\u0131n 3D modellemesi<\/p><\/li><li data-start=\"2673\" data-end=\"2716\"><p data-start=\"2675\" data-end=\"2716\">Peyzaj tasar\u0131m\u0131 ve do\u011fal doku olu\u015fturma<\/p><\/li><li data-start=\"2717\" data-end=\"2757\"><p data-start=\"2719\" data-end=\"2757\">G\u00f6l ve do\u011fa manzaras\u0131 sim\u00fclasyonlar\u0131<\/p><\/li><li data-start=\"2758\" data-end=\"2792\"><p data-start=\"2760\" data-end=\"2792\">\u0130\u00e7 mek\u00e2n walkthrough sahneleri<\/p><\/li><li data-start=\"2793\" data-end=\"2827\"><p data-start=\"2795\" data-end=\"2827\">Drone tarz\u0131 kamera hareketleri<\/p><\/li><li data-start=\"2828\" data-end=\"2870\"><p data-start=\"2830\" data-end=\"2870\">Profesyonel render ve post-prod\u00fcksiyon<\/p><\/li><\/ul><h4 data-start=\"2872\" data-end=\"2902\"><strong data-start=\"2876\" data-end=\"2902\">Teslim Edilen \u00c7\u0131kt\u0131lar<\/strong><\/h4><p>\u00a0<\/p><ul data-start=\"2903\" data-end=\"3069\"><li data-start=\"2903\" data-end=\"2945\"><p data-start=\"2905\" data-end=\"2945\">Y\u00fcksek \u00e7\u00f6z\u00fcn\u00fcrl\u00fckl\u00fc tan\u0131t\u0131m animasyonu<\/p><\/li><li data-start=\"2946\" data-end=\"2981\"><p data-start=\"2948\" data-end=\"2981\">G\u00f6l manzaras\u0131 odakl\u0131 sahne seti<\/p><\/li><li data-start=\"2982\" data-end=\"3020\"><p data-start=\"2984\" data-end=\"3020\">\u0130\u00e7 ve d\u0131\u015f mek\u00e2n preview g\u00f6rselleri<\/p><\/li><li data-start=\"3021\" data-end=\"3069\"><p data-start=\"3023\" data-end=\"3069\">Sosyal medya uyumlu k\u0131sa animasyon kesitleri<\/p><\/li><\/ul>\t\t\t\t\t\t\t\t<\/div>\n\t\t\t\t\t<\/div>\n\t\t\t\t<\/div>\n\t\t<div class=\"elementor-element elementor-element-af61c7b e-flex e-con-boxed e-con e-parent\" data-id=\"af61c7b\" data-element_type=\"container\">\n\t\t\t\t\t<div class=\"e-con-inner\">\n\t\t\t\t<div class=\"elementor-element elementor-element-cf42f69 elementor-widget elementor-widget-spacer\" data-id=\"cf42f69\" data-element_type=\"widget\" data-widget_type=\"spacer.default\">\n\t\t\t\t\t\t\t<div class=\"elementor-spacer\">\n\t\t\t<div class=\"elementor-spacer-inner\"><\/div>\n\t\t<\/div>\n\t\t\t\t\t\t<\/div>\n\t\t\t\t\t<\/div>\n\t\t\t\t<\/div>\n\t\t\t\t<\/div>\n\t\t","protected":false},"excerpt":{"rendered":"<p>2.7.2025 M\u00fc\u015fteri: Proje: Sapanca Manzara Konaklar\u0131 3D Animasyon Sapanca Manzara Konaklar\u0131 \u2013 3D Animasyon Projesi Sapanca\u2019n\u0131n do\u011fal atmosferine uyumlu olarak geli\u015ftirilen Sapanca Manzara Konaklar\u0131 animasyon projesi, hem do\u011fayla b\u00fct\u00fcnle\u015fmi\u015f bir ya\u015fam tarz\u0131n\u0131 hem de modern konut mimarisinin sundu\u011fu konforu en iyi \u015fekilde yans\u0131tmak amac\u0131yla haz\u0131rlanm\u0131\u015ft\u0131r. Projede yer alan villalar, teras alanlar\u0131, peyzaj d\u00fczenlemeleri ve i\u00e7 [&hellip;]<\/p>\n","protected":false},"author":1,"featured_media":0,"parent":0,"menu_order":0,"comment_status":"closed","ping_status":"closed","template":"elementor_header_footer","meta":{"footnotes":""},"class_list":["post-2686","page","type-page","status-publish","hentry"],"_links":{"self":[{"href":"https:\/\/hsmo.com.tr\/index.php\/wp-json\/wp\/v2\/pages\/2686","targetHints":{"allow":["GET"]}}],"collection":[{"href":"https:\/\/hsmo.com.tr\/index.php\/wp-json\/wp\/v2\/pages"}],"about":[{"href":"https:\/\/hsmo.com.tr\/index.php\/wp-json\/wp\/v2\/types\/page"}],"author":[{"embeddable":true,"href":"https:\/\/hsmo.com.tr\/index.php\/wp-json\/wp\/v2\/users\/1"}],"replies":[{"embeddable":true,"href":"https:\/\/hsmo.com.tr\/index.php\/wp-json\/wp\/v2\/comments?post=2686"}],"version-history":[{"count":7,"href":"https:\/\/hsmo.com.tr\/index.php\/wp-json\/wp\/v2\/pages\/2686\/revisions"}],"predecessor-version":[{"id":2721,"href":"https:\/\/hsmo.com.tr\/index.php\/wp-json\/wp\/v2\/pages\/2686\/revisions\/2721"}],"wp:attachment":[{"href":"https:\/\/hsmo.com.tr\/index.php\/wp-json\/wp\/v2\/media?parent=2686"}],"curies":[{"name":"wp","href":"https:\/\/api.w.org\/{rel}","templated":true}]}}